{"id":1621,"date":"2021-08-26T15:13:31","date_gmt":"2021-08-26T13:13:31","guid":{"rendered":"https:\/\/acedl.com\/?page_id=1621"},"modified":"2021-08-26T15:48:48","modified_gmt":"2021-08-26T13:48:48","slug":"transmission-de-votre-structure","status":"publish","type":"page","link":"https:\/\/acedl.com\/index.php\/transmission-de-votre-structure\/","title":{"rendered":"Transmission de votre structure"},"content":{"rendered":"<h1>Cession et transmission d\u2019entreprise<\/h1>\n<p>Vous souhaitez \u00e0 court ou moyen terme c\u00e9der \/ transmettre votre entreprise : fonds commercial, parts sociales ou actions.<\/p>\n<p>Cette op\u00e9ration fait g\u00e9n\u00e9ralement intervenir plusieurs acteurs \u00e0 savoir :<\/p>\n<ul>\n<li>le c\u00e9dant souhaitant maximiser le prix de vente ;<\/li>\n<li>le cessionnaire d\u00e9sirant minimiser le prix de vente et ainsi obtenir une rentabilis\u00e9 plus rapide ;<\/li>\n<li>le financier arbitrant les valeurs communiqu\u00e9es : le projet de rachat est il viable ?<\/li>\n<\/ul>\n<blockquote><p>Nous vous accompagnons dans cette \u00e9tape importante dans la vie de votre entreprise.<\/p><\/blockquote>\n<p>En effet, de l&rsquo;\u00e9valuation d&rsquo;entreprise \u00e0 la r\u00e9daction des actes, en passant par l&rsquo;optimisation fiscale du cessionnaire, le cabinet ACE DL dispose de l&rsquo;ensemble des outils pour aborder sereinement chaque \u00e9tape de l&rsquo;op\u00e9ration et r\u00e9aliser la cession de votre entreprise dans les meilleures conditions.<\/p>\n<p>Nos experts, sp\u00e9cialis\u00e9s dans la cession d&rsquo;entreprise, vous communiqueront l&rsquo;ensemble des informations n\u00e9cessaires pour obtenir le maximum du prix et minimiser la pression fiscale de ce \u00ab\u00a0changement de main\u00a0\u00bb.<\/p>\n<p>Sur le plan technique, l\u2019\u00e9valuation d&rsquo;entreprise est un exercice complexe; c&rsquo;est pour cette raison que nous utilisons des m\u00e9thodes approuv\u00e9es par l&rsquo;Ordre des Experts Comptables et la Compagnie Nationale des Commissaires aux Comptes.<\/p>\n<p>G\u00e9n\u00e9ralement, le rapport est \u00e9tablit en trois parties : diagnostic, \u00e9valuation et synth\u00e8se.<\/p>\n<p>Ainsi, vous disposerez d&rsquo;un diagnostic juridique, strat\u00e9gique, comptable et financier afin d&rsquo;am\u00e9liorer le prix de vente.<\/p>\n<p>Notre rapport d&rsquo;\u00e9valuation comprend plusieurs m\u00e9thodes pertinentes et fonction du secteur d&rsquo;activit\u00e9, dont les principales sont les suivantes :<\/p>\n<ul>\n<li>L&rsquo;approche patrimoniale<\/li>\n<li>La valeur de rentabilit\u00e9<\/li>\n<li>L&rsquo;approche par comparaison<\/li>\n<\/ul>\n<p>La valeur de cession vous sera communiqu\u00e9e sous forme de fourchette de prix afin que les n\u00e9gociations restent ouvertes.<br \/>\nEn effet, la valeur obtenue n&rsquo;est pas forc\u00e9ment le prix de vente et ce pour diverses raisons :<\/p>\n<ul>\n<li>l&rsquo;urgence de l&rsquo;op\u00e9ration (d\u00e9c\u00e8s, fiscalit\u00e9 changeante, environnement r\u00e8glementaire incertain etc.) ;<\/li>\n<li>la raret\u00e9 de l&rsquo;affaire ;<\/li>\n<li>l&rsquo;existence ou non de plusieurs repreneurs.<\/li>\n<\/ul>\n","protected":false},"excerpt":{"rendered":"<p>Cession et transmission d\u2019entreprise Vous souhaitez \u00e0 court ou moyen terme c\u00e9der \/ transmettre votre entreprise : fonds commercial, parts sociales ou actions. Cette op\u00e9ration fait g\u00e9n\u00e9ralement intervenir plusieurs acteurs &#8230;<\/p>\n","protected":false},"author":1,"featured_media":0,"parent":0,"menu_order":0,"comment_status":"closed","ping_status":"closed","template":"","meta":{"footnotes":""},"class_list":["post-1621","page","type-page","status-publish","hentry"],"yoast_head":"<!-- This site is optimized with the Yoast SEO plugin v27.4 - https:\/\/yoast.com\/product\/yoast-seo-wordpress\/ -->\n<title>Transmission de votre structure - ACE DL<\/title>\n<meta name=\"robots\" content=\"index, follow, max-snippet:-1, max-image-preview:large, max-video-preview:-1\" \/>\n<link rel=\"canonical\" href=\"https:\/\/acedl.com\/index.php\/transmission-de-votre-structure\/\" \/>\n<meta property=\"og:locale\" content=\"fr_FR\" \/>\n<meta property=\"og:type\" content=\"article\" \/>\n<meta property=\"og:title\" content=\"Transmission de votre structure - ACE DL\" \/>\n<meta property=\"og:description\" content=\"Cession et transmission d\u2019entreprise Vous souhaitez \u00e0 court ou moyen terme c\u00e9der \/ transmettre votre entreprise : fonds commercial, parts sociales ou actions. Cette op\u00e9ration fait g\u00e9n\u00e9ralement intervenir plusieurs acteurs ...\" \/>\n<meta property=\"og:url\" content=\"https:\/\/acedl.com\/index.php\/transmission-de-votre-structure\/\" \/>\n<meta property=\"og:site_name\" content=\"ACE DL\" \/>\n<meta property=\"article:modified_time\" content=\"2021-08-26T13:48:48+00:00\" \/>\n<meta name=\"twitter:card\" content=\"summary_large_image\" \/>\n<meta name=\"twitter:label1\" content=\"Dur\u00e9e de lecture estim\u00e9e\" \/>\n\t<meta name=\"twitter:data1\" content=\"2 minutes\" \/>\n<script type=\"application\/ld+json\" class=\"yoast-schema-graph\">{\"@context\":\"https:\\\/\\\/schema.org\",\"@graph\":[{\"@type\":\"WebPage\",\"@id\":\"https:\\\/\\\/acedl.com\\\/index.php\\\/transmission-de-votre-structure\\\/\",\"url\":\"https:\\\/\\\/acedl.com\\\/index.php\\\/transmission-de-votre-structure\\\/\",\"name\":\"Transmission de votre structure - ACE DL\",\"isPartOf\":{\"@id\":\"https:\\\/\\\/acedl.com\\\/#website\"},\"datePublished\":\"2021-08-26T13:13:31+00:00\",\"dateModified\":\"2021-08-26T13:48:48+00:00\",\"breadcrumb\":{\"@id\":\"https:\\\/\\\/acedl.com\\\/index.php\\\/transmission-de-votre-structure\\\/#breadcrumb\"},\"inLanguage\":\"fr-FR\",\"potentialAction\":[{\"@type\":\"ReadAction\",\"target\":[\"https:\\\/\\\/acedl.com\\\/index.php\\\/transmission-de-votre-structure\\\/\"]}]},{\"@type\":\"BreadcrumbList\",\"@id\":\"https:\\\/\\\/acedl.com\\\/index.php\\\/transmission-de-votre-structure\\\/#breadcrumb\",\"itemListElement\":[{\"@type\":\"ListItem\",\"position\":1,\"name\":\"Accueil\",\"item\":\"https:\\\/\\\/acedl.com\\\/\"},{\"@type\":\"ListItem\",\"position\":2,\"name\":\"Transmission de votre structure\"}]},{\"@type\":\"WebSite\",\"@id\":\"https:\\\/\\\/acedl.com\\\/#website\",\"url\":\"https:\\\/\\\/acedl.com\\\/\",\"name\":\"ACE DL\",\"description\":\"Expertise comptable\",\"publisher\":{\"@id\":\"https:\\\/\\\/acedl.com\\\/#organization\"},\"potentialAction\":[{\"@type\":\"SearchAction\",\"target\":{\"@type\":\"EntryPoint\",\"urlTemplate\":\"https:\\\/\\\/acedl.com\\\/?s={search_term_string}\"},\"query-input\":{\"@type\":\"PropertyValueSpecification\",\"valueRequired\":true,\"valueName\":\"search_term_string\"}}],\"inLanguage\":\"fr-FR\"},{\"@type\":\"Organization\",\"@id\":\"https:\\\/\\\/acedl.com\\\/#organization\",\"name\":\"ACEDL\",\"url\":\"https:\\\/\\\/acedl.com\\\/\",\"logo\":{\"@type\":\"ImageObject\",\"inLanguage\":\"fr-FR\",\"@id\":\"https:\\\/\\\/acedl.com\\\/#\\\/schema\\\/logo\\\/image\\\/\",\"url\":\"https:\\\/\\\/acedl.com\\\/wp-content\\\/uploads\\\/2021\\\/05\\\/cropped-Capture.png\",\"contentUrl\":\"https:\\\/\\\/acedl.com\\\/wp-content\\\/uploads\\\/2021\\\/05\\\/cropped-Capture.png\",\"width\":388,\"height\":125,\"caption\":\"ACEDL\"},\"image\":{\"@id\":\"https:\\\/\\\/acedl.com\\\/#\\\/schema\\\/logo\\\/image\\\/\"}}]}<\/script>\n<!-- \/ Yoast SEO plugin. -->","yoast_head_json":{"title":"Transmission de votre structure - ACE DL","robots":{"index":"index","follow":"follow","max-snippet":"max-snippet:-1","max-image-preview":"max-image-preview:large","max-video-preview":"max-video-preview:-1"},"canonical":"https:\/\/acedl.com\/index.php\/transmission-de-votre-structure\/","og_locale":"fr_FR","og_type":"article","og_title":"Transmission de votre structure - ACE DL","og_description":"Cession et transmission d\u2019entreprise Vous souhaitez \u00e0 court ou moyen terme c\u00e9der \/ transmettre votre entreprise : fonds commercial, parts sociales ou actions. Cette op\u00e9ration fait g\u00e9n\u00e9ralement intervenir plusieurs acteurs ...","og_url":"https:\/\/acedl.com\/index.php\/transmission-de-votre-structure\/","og_site_name":"ACE DL","article_modified_time":"2021-08-26T13:48:48+00:00","twitter_card":"summary_large_image","twitter_misc":{"Dur\u00e9e de lecture estim\u00e9e":"2 minutes"},"schema":{"@context":"https:\/\/schema.org","@graph":[{"@type":"WebPage","@id":"https:\/\/acedl.com\/index.php\/transmission-de-votre-structure\/","url":"https:\/\/acedl.com\/index.php\/transmission-de-votre-structure\/","name":"Transmission de votre structure - ACE DL","isPartOf":{"@id":"https:\/\/acedl.com\/#website"},"datePublished":"2021-08-26T13:13:31+00:00","dateModified":"2021-08-26T13:48:48+00:00","breadcrumb":{"@id":"https:\/\/acedl.com\/index.php\/transmission-de-votre-structure\/#breadcrumb"},"inLanguage":"fr-FR","potentialAction":[{"@type":"ReadAction","target":["https:\/\/acedl.com\/index.php\/transmission-de-votre-structure\/"]}]},{"@type":"BreadcrumbList","@id":"https:\/\/acedl.com\/index.php\/transmission-de-votre-structure\/#breadcrumb","itemListElement":[{"@type":"ListItem","position":1,"name":"Accueil","item":"https:\/\/acedl.com\/"},{"@type":"ListItem","position":2,"name":"Transmission de votre structure"}]},{"@type":"WebSite","@id":"https:\/\/acedl.com\/#website","url":"https:\/\/acedl.com\/","name":"ACE DL","description":"Expertise comptable","publisher":{"@id":"https:\/\/acedl.com\/#organization"},"potentialAction":[{"@type":"SearchAction","target":{"@type":"EntryPoint","urlTemplate":"https:\/\/acedl.com\/?s={search_term_string}"},"query-input":{"@type":"PropertyValueSpecification","valueRequired":true,"valueName":"search_term_string"}}],"inLanguage":"fr-FR"},{"@type":"Organization","@id":"https:\/\/acedl.com\/#organization","name":"ACEDL","url":"https:\/\/acedl.com\/","logo":{"@type":"ImageObject","inLanguage":"fr-FR","@id":"https:\/\/acedl.com\/#\/schema\/logo\/image\/","url":"https:\/\/acedl.com\/wp-content\/uploads\/2021\/05\/cropped-Capture.png","contentUrl":"https:\/\/acedl.com\/wp-content\/uploads\/2021\/05\/cropped-Capture.png","width":388,"height":125,"caption":"ACEDL"},"image":{"@id":"https:\/\/acedl.com\/#\/schema\/logo\/image\/"}}]}},"_links":{"self":[{"href":"https:\/\/acedl.com\/index.php\/wp-json\/wp\/v2\/pages\/1621","targetHints":{"allow":["GET"]}}],"collection":[{"href":"https:\/\/acedl.com\/index.php\/wp-json\/wp\/v2\/pages"}],"about":[{"href":"https:\/\/acedl.com\/index.php\/wp-json\/wp\/v2\/types\/page"}],"author":[{"embeddable":true,"href":"https:\/\/acedl.com\/index.php\/wp-json\/wp\/v2\/users\/1"}],"replies":[{"embeddable":true,"href":"https:\/\/acedl.com\/index.php\/wp-json\/wp\/v2\/comments?post=1621"}],"version-history":[{"count":3,"href":"https:\/\/acedl.com\/index.php\/wp-json\/wp\/v2\/pages\/1621\/revisions"}],"predecessor-version":[{"id":1671,"href":"https:\/\/acedl.com\/index.php\/wp-json\/wp\/v2\/pages\/1621\/revisions\/1671"}],"wp:attachment":[{"href":"https:\/\/acedl.com\/index.php\/wp-json\/wp\/v2\/media?parent=1621"}],"curies":[{"name":"wp","href":"https:\/\/api.w.org\/{rel}","templated":true}]}}