{"id":1635,"date":"2021-08-26T15:18:25","date_gmt":"2021-08-26T13:18:25","guid":{"rendered":"https:\/\/acedl.com\/?page_id=1635"},"modified":"2021-08-26T15:53:14","modified_gmt":"2021-08-26T13:53:14","slug":"piste-daudit","status":"publish","type":"page","link":"https:\/\/acedl.com\/index.php\/piste-daudit\/","title":{"rendered":"Piste d&rsquo;Audit"},"content":{"rendered":"<h1>La piste d&rsquo;audit fiable : obligation pour toutes les soci\u00e9t\u00e9s<\/h1>\n<p>Depuis le 1er f\u00e9vrier 2016, \u00e0 compter de son \u00e9mission et jusqu&rsquo;\u00e0 la fin de sa p\u00e9riode de conservation, l&rsquo;authenticit\u00e9 de l&rsquo;origine, l&rsquo;int\u00e9grit\u00e9 du contenu et la lisibilit\u00e9 de la facture doivent \u00eatre assur\u00e9s par le contribuable.<\/p>\n<p><strong>Cette obligation porte autant sur les factures re\u00e7ues (achats) que sur les factures \u00e9mises (ventes).<\/strong><\/p>\n<p>Pour ce faire, le contribuable a le choix de mettre en place des contr\u00f4les document\u00e9s et permanents, soit d&rsquo;utiliser une signature \u00e9lectronique avanc\u00e9e, ou d&rsquo;avoir un recours \u00e0 message structur\u00e9 selon une norme type \u00c9DI (facture \u00ab \u00e9lectronique \u00bb au sens fiscal).<\/p>\n<p><strong><em>Je ne pense pas respecter cette obligation. Quels sont les risques ?<\/em><\/strong><br \/>\nLe d\u00e9faut ou la d\u00e9faillance d\u2019une piste d&rsquo;audit fiable peuvent donner lieu \u00e0 diverses sanctions, l&rsquo;administration fiscale en cas de contr\u00f4les diligent\u00e9s sur la v\u00e9rification des comptabilit\u00e9s informatis\u00e9es peut rejeter la d\u00e9duction de la TVA li\u00e9e aux factures d\u2019achat.<\/p>\n<h2>Nous pouvons vous accompagner dans la mise aux normes de votre entreprise et r\u00e9aliser des tests afin de v\u00e9rifier la conformit\u00e9 de votre process et ainsi s&rsquo;assurer de r\u00e9duire le risque fiscal.<\/h2>\n","protected":false},"excerpt":{"rendered":"<p>La piste d&rsquo;audit fiable : obligation pour toutes les soci\u00e9t\u00e9s Depuis le 1er f\u00e9vrier 2016, \u00e0 compter de son \u00e9mission et jusqu&rsquo;\u00e0 la fin de sa p\u00e9riode de conservation, l&rsquo;authenticit\u00e9 &#8230;<\/p>\n","protected":false},"author":1,"featured_media":0,"parent":0,"menu_order":0,"comment_status":"closed","ping_status":"closed","template":"","meta":{"footnotes":""},"class_list":["post-1635","page","type-page","status-publish","hentry"],"yoast_head":"<!-- This site is optimized with the Yoast SEO plugin v27.4 - https:\/\/yoast.com\/product\/yoast-seo-wordpress\/ -->\n<title>Piste d&#039;Audit - ACE DL<\/title>\n<meta name=\"robots\" content=\"index, follow, max-snippet:-1, max-image-preview:large, max-video-preview:-1\" \/>\n<link rel=\"canonical\" href=\"https:\/\/acedl.com\/index.php\/piste-daudit\/\" \/>\n<meta property=\"og:locale\" content=\"fr_FR\" \/>\n<meta property=\"og:type\" content=\"article\" \/>\n<meta property=\"og:title\" content=\"Piste d&#039;Audit - ACE DL\" \/>\n<meta property=\"og:description\" content=\"La piste d&rsquo;audit fiable : obligation pour toutes les soci\u00e9t\u00e9s Depuis le 1er f\u00e9vrier 2016, \u00e0 compter de son \u00e9mission et jusqu&rsquo;\u00e0 la fin de sa p\u00e9riode de conservation, l&rsquo;authenticit\u00e9 ...\" \/>\n<meta property=\"og:url\" content=\"https:\/\/acedl.com\/index.php\/piste-daudit\/\" \/>\n<meta property=\"og:site_name\" content=\"ACE DL\" \/>\n<meta property=\"article:modified_time\" content=\"2021-08-26T13:53:14+00:00\" \/>\n<meta name=\"twitter:card\" content=\"summary_large_image\" \/>\n<meta name=\"twitter:label1\" content=\"Dur\u00e9e de lecture estim\u00e9e\" \/>\n\t<meta name=\"twitter:data1\" content=\"1 minute\" \/>\n<script type=\"application\/ld+json\" class=\"yoast-schema-graph\">{\"@context\":\"https:\\\/\\\/schema.org\",\"@graph\":[{\"@type\":\"WebPage\",\"@id\":\"https:\\\/\\\/acedl.com\\\/index.php\\\/piste-daudit\\\/\",\"url\":\"https:\\\/\\\/acedl.com\\\/index.php\\\/piste-daudit\\\/\",\"name\":\"Piste d'Audit - ACE DL\",\"isPartOf\":{\"@id\":\"https:\\\/\\\/acedl.com\\\/#website\"},\"datePublished\":\"2021-08-26T13:18:25+00:00\",\"dateModified\":\"2021-08-26T13:53:14+00:00\",\"breadcrumb\":{\"@id\":\"https:\\\/\\\/acedl.com\\\/index.php\\\/piste-daudit\\\/#breadcrumb\"},\"inLanguage\":\"fr-FR\",\"potentialAction\":[{\"@type\":\"ReadAction\",\"target\":[\"https:\\\/\\\/acedl.com\\\/index.php\\\/piste-daudit\\\/\"]}]},{\"@type\":\"BreadcrumbList\",\"@id\":\"https:\\\/\\\/acedl.com\\\/index.php\\\/piste-daudit\\\/#breadcrumb\",\"itemListElement\":[{\"@type\":\"ListItem\",\"position\":1,\"name\":\"Accueil\",\"item\":\"https:\\\/\\\/acedl.com\\\/\"},{\"@type\":\"ListItem\",\"position\":2,\"name\":\"Piste d&rsquo;Audit\"}]},{\"@type\":\"WebSite\",\"@id\":\"https:\\\/\\\/acedl.com\\\/#website\",\"url\":\"https:\\\/\\\/acedl.com\\\/\",\"name\":\"ACE DL\",\"description\":\"Expertise comptable\",\"publisher\":{\"@id\":\"https:\\\/\\\/acedl.com\\\/#organization\"},\"potentialAction\":[{\"@type\":\"SearchAction\",\"target\":{\"@type\":\"EntryPoint\",\"urlTemplate\":\"https:\\\/\\\/acedl.com\\\/?s={search_term_string}\"},\"query-input\":{\"@type\":\"PropertyValueSpecification\",\"valueRequired\":true,\"valueName\":\"search_term_string\"}}],\"inLanguage\":\"fr-FR\"},{\"@type\":\"Organization\",\"@id\":\"https:\\\/\\\/acedl.com\\\/#organization\",\"name\":\"ACEDL\",\"url\":\"https:\\\/\\\/acedl.com\\\/\",\"logo\":{\"@type\":\"ImageObject\",\"inLanguage\":\"fr-FR\",\"@id\":\"https:\\\/\\\/acedl.com\\\/#\\\/schema\\\/logo\\\/image\\\/\",\"url\":\"https:\\\/\\\/acedl.com\\\/wp-content\\\/uploads\\\/2021\\\/05\\\/cropped-Capture.png\",\"contentUrl\":\"https:\\\/\\\/acedl.com\\\/wp-content\\\/uploads\\\/2021\\\/05\\\/cropped-Capture.png\",\"width\":388,\"height\":125,\"caption\":\"ACEDL\"},\"image\":{\"@id\":\"https:\\\/\\\/acedl.com\\\/#\\\/schema\\\/logo\\\/image\\\/\"}}]}<\/script>\n<!-- \/ Yoast SEO plugin. -->","yoast_head_json":{"title":"Piste d'Audit - ACE DL","robots":{"index":"index","follow":"follow","max-snippet":"max-snippet:-1","max-image-preview":"max-image-preview:large","max-video-preview":"max-video-preview:-1"},"canonical":"https:\/\/acedl.com\/index.php\/piste-daudit\/","og_locale":"fr_FR","og_type":"article","og_title":"Piste d'Audit - ACE DL","og_description":"La piste d&rsquo;audit fiable : obligation pour toutes les soci\u00e9t\u00e9s Depuis le 1er f\u00e9vrier 2016, \u00e0 compter de son \u00e9mission et jusqu&rsquo;\u00e0 la fin de sa p\u00e9riode de conservation, l&rsquo;authenticit\u00e9 ...","og_url":"https:\/\/acedl.com\/index.php\/piste-daudit\/","og_site_name":"ACE DL","article_modified_time":"2021-08-26T13:53:14+00:00","twitter_card":"summary_large_image","twitter_misc":{"Dur\u00e9e de lecture estim\u00e9e":"1 minute"},"schema":{"@context":"https:\/\/schema.org","@graph":[{"@type":"WebPage","@id":"https:\/\/acedl.com\/index.php\/piste-daudit\/","url":"https:\/\/acedl.com\/index.php\/piste-daudit\/","name":"Piste d'Audit - ACE DL","isPartOf":{"@id":"https:\/\/acedl.com\/#website"},"datePublished":"2021-08-26T13:18:25+00:00","dateModified":"2021-08-26T13:53:14+00:00","breadcrumb":{"@id":"https:\/\/acedl.com\/index.php\/piste-daudit\/#breadcrumb"},"inLanguage":"fr-FR","potentialAction":[{"@type":"ReadAction","target":["https:\/\/acedl.com\/index.php\/piste-daudit\/"]}]},{"@type":"BreadcrumbList","@id":"https:\/\/acedl.com\/index.php\/piste-daudit\/#breadcrumb","itemListElement":[{"@type":"ListItem","position":1,"name":"Accueil","item":"https:\/\/acedl.com\/"},{"@type":"ListItem","position":2,"name":"Piste d&rsquo;Audit"}]},{"@type":"WebSite","@id":"https:\/\/acedl.com\/#website","url":"https:\/\/acedl.com\/","name":"ACE DL","description":"Expertise comptable","publisher":{"@id":"https:\/\/acedl.com\/#organization"},"potentialAction":[{"@type":"SearchAction","target":{"@type":"EntryPoint","urlTemplate":"https:\/\/acedl.com\/?s={search_term_string}"},"query-input":{"@type":"PropertyValueSpecification","valueRequired":true,"valueName":"search_term_string"}}],"inLanguage":"fr-FR"},{"@type":"Organization","@id":"https:\/\/acedl.com\/#organization","name":"ACEDL","url":"https:\/\/acedl.com\/","logo":{"@type":"ImageObject","inLanguage":"fr-FR","@id":"https:\/\/acedl.com\/#\/schema\/logo\/image\/","url":"https:\/\/acedl.com\/wp-content\/uploads\/2021\/05\/cropped-Capture.png","contentUrl":"https:\/\/acedl.com\/wp-content\/uploads\/2021\/05\/cropped-Capture.png","width":388,"height":125,"caption":"ACEDL"},"image":{"@id":"https:\/\/acedl.com\/#\/schema\/logo\/image\/"}}]}},"_links":{"self":[{"href":"https:\/\/acedl.com\/index.php\/wp-json\/wp\/v2\/pages\/1635","targetHints":{"allow":["GET"]}}],"collection":[{"href":"https:\/\/acedl.com\/index.php\/wp-json\/wp\/v2\/pages"}],"about":[{"href":"https:\/\/acedl.com\/index.php\/wp-json\/wp\/v2\/types\/page"}],"author":[{"embeddable":true,"href":"https:\/\/acedl.com\/index.php\/wp-json\/wp\/v2\/users\/1"}],"replies":[{"embeddable":true,"href":"https:\/\/acedl.com\/index.php\/wp-json\/wp\/v2\/comments?post=1635"}],"version-history":[{"count":3,"href":"https:\/\/acedl.com\/index.php\/wp-json\/wp\/v2\/pages\/1635\/revisions"}],"predecessor-version":[{"id":1675,"href":"https:\/\/acedl.com\/index.php\/wp-json\/wp\/v2\/pages\/1635\/revisions\/1675"}],"wp:attachment":[{"href":"https:\/\/acedl.com\/index.php\/wp-json\/wp\/v2\/media?parent=1635"}],"curies":[{"name":"wp","href":"https:\/\/api.w.org\/{rel}","templated":true}]}}