{"id":1636,"date":"2021-08-26T15:18:25","date_gmt":"2021-08-26T13:18:25","guid":{"rendered":"https:\/\/acedl.com\/?page_id=1636"},"modified":"2021-08-26T15:54:39","modified_gmt":"2021-08-26T13:54:39","slug":"commissariat-aux-apports","status":"publish","type":"page","link":"https:\/\/acedl.com\/index.php\/commissariat-aux-apports\/","title":{"rendered":"Commissariat aux Apports"},"content":{"rendered":"<h1>Mission de commissariat aux apports<\/h1>\n<p><em>Nous avons des experts-comptables \u00e9galement commissaires aux apport au sein de notre structure.<\/em><\/p>\n<p>Le commissaire aux apports a pour mission d&rsquo;appr\u00e9cier sous sa responsabilit\u00e9 la valeur des biens apport\u00e9s \u00e0 une soci\u00e9t\u00e9 lors de sa constitution ou lors d&rsquo;une augmentation de capital et, le cas \u00e9ch\u00e9ant, celle des avantages particuliers stipul\u00e9s lors de la constitution ou de l&rsquo;augmentation de capital.<\/p>\n<p>Il est obligatoire de nommer un commissaire aux apports lorsque des apports en nature sont pr\u00e9vus dans le cadre de la cr\u00e9ation d&rsquo;une soci\u00e9t\u00e9 : SA, SARL, EURL, SAS, SASU. En revanche, notez qu&rsquo;il n&rsquo;est pas n\u00e9cessaire d&rsquo;en nommer un dans le cadre de la cr\u00e9ation d&rsquo;une SNC ou d&rsquo;une soci\u00e9t\u00e9 civile.<\/p>\n<blockquote><p>L&rsquo;expert-comptable atteste la coh\u00e9rence et vraisemblance des comptes aupr\u00e8s de l&rsquo;administration fiscale. Le commissaire aux comptes (CAC) contr\u00f4le les comptes annuels au moyen d&rsquo;un audit l\u00e9gal. C&rsquo;est-\u00e0-dire qu&rsquo;il v\u00e9rifie, en quelque sorte, le travail de l&rsquo;expert-comptable.<\/p><\/blockquote>\n<h2>Nous pouvons vous accompagner en cas d\u2019apport \u00e0 votre structure !<br \/>\nN\u2019h\u00e9sitez pas \u00e0 nous contacter !<\/h2>\n","protected":false},"excerpt":{"rendered":"<p>Mission de commissariat aux apports Nous avons des experts-comptables \u00e9galement commissaires aux apport au sein de notre structure. Le commissaire aux apports a pour mission d&rsquo;appr\u00e9cier sous sa responsabilit\u00e9 la &#8230;<\/p>\n","protected":false},"author":1,"featured_media":0,"parent":0,"menu_order":0,"comment_status":"closed","ping_status":"closed","template":"","meta":{"footnotes":""},"class_list":["post-1636","page","type-page","status-publish","hentry"],"yoast_head":"<!-- This site is optimized with the Yoast SEO plugin v27.4 - https:\/\/yoast.com\/product\/yoast-seo-wordpress\/ -->\n<title>Commissariat aux Apports - ACE DL<\/title>\n<meta name=\"robots\" content=\"index, follow, max-snippet:-1, max-image-preview:large, max-video-preview:-1\" \/>\n<link rel=\"canonical\" href=\"https:\/\/acedl.com\/index.php\/commissariat-aux-apports\/\" \/>\n<meta property=\"og:locale\" content=\"fr_FR\" \/>\n<meta property=\"og:type\" content=\"article\" \/>\n<meta property=\"og:title\" content=\"Commissariat aux Apports - ACE DL\" \/>\n<meta property=\"og:description\" content=\"Mission de commissariat aux apports Nous avons des experts-comptables \u00e9galement commissaires aux apport au sein de notre structure. Le commissaire aux apports a pour mission d&rsquo;appr\u00e9cier sous sa responsabilit\u00e9 la ...\" \/>\n<meta property=\"og:url\" content=\"https:\/\/acedl.com\/index.php\/commissariat-aux-apports\/\" \/>\n<meta property=\"og:site_name\" content=\"ACE DL\" \/>\n<meta property=\"article:modified_time\" content=\"2021-08-26T13:54:39+00:00\" \/>\n<meta name=\"twitter:card\" content=\"summary_large_image\" \/>\n<meta name=\"twitter:label1\" content=\"Dur\u00e9e de lecture estim\u00e9e\" \/>\n\t<meta name=\"twitter:data1\" content=\"1 minute\" \/>\n<script type=\"application\/ld+json\" class=\"yoast-schema-graph\">{\"@context\":\"https:\\\/\\\/schema.org\",\"@graph\":[{\"@type\":\"WebPage\",\"@id\":\"https:\\\/\\\/acedl.com\\\/index.php\\\/commissariat-aux-apports\\\/\",\"url\":\"https:\\\/\\\/acedl.com\\\/index.php\\\/commissariat-aux-apports\\\/\",\"name\":\"Commissariat aux Apports - ACE DL\",\"isPartOf\":{\"@id\":\"https:\\\/\\\/acedl.com\\\/#website\"},\"datePublished\":\"2021-08-26T13:18:25+00:00\",\"dateModified\":\"2021-08-26T13:54:39+00:00\",\"breadcrumb\":{\"@id\":\"https:\\\/\\\/acedl.com\\\/index.php\\\/commissariat-aux-apports\\\/#breadcrumb\"},\"inLanguage\":\"fr-FR\",\"potentialAction\":[{\"@type\":\"ReadAction\",\"target\":[\"https:\\\/\\\/acedl.com\\\/index.php\\\/commissariat-aux-apports\\\/\"]}]},{\"@type\":\"BreadcrumbList\",\"@id\":\"https:\\\/\\\/acedl.com\\\/index.php\\\/commissariat-aux-apports\\\/#breadcrumb\",\"itemListElement\":[{\"@type\":\"ListItem\",\"position\":1,\"name\":\"Accueil\",\"item\":\"https:\\\/\\\/acedl.com\\\/\"},{\"@type\":\"ListItem\",\"position\":2,\"name\":\"Commissariat aux Apports\"}]},{\"@type\":\"WebSite\",\"@id\":\"https:\\\/\\\/acedl.com\\\/#website\",\"url\":\"https:\\\/\\\/acedl.com\\\/\",\"name\":\"ACE DL\",\"description\":\"Expertise comptable\",\"publisher\":{\"@id\":\"https:\\\/\\\/acedl.com\\\/#organization\"},\"potentialAction\":[{\"@type\":\"SearchAction\",\"target\":{\"@type\":\"EntryPoint\",\"urlTemplate\":\"https:\\\/\\\/acedl.com\\\/?s={search_term_string}\"},\"query-input\":{\"@type\":\"PropertyValueSpecification\",\"valueRequired\":true,\"valueName\":\"search_term_string\"}}],\"inLanguage\":\"fr-FR\"},{\"@type\":\"Organization\",\"@id\":\"https:\\\/\\\/acedl.com\\\/#organization\",\"name\":\"ACEDL\",\"url\":\"https:\\\/\\\/acedl.com\\\/\",\"logo\":{\"@type\":\"ImageObject\",\"inLanguage\":\"fr-FR\",\"@id\":\"https:\\\/\\\/acedl.com\\\/#\\\/schema\\\/logo\\\/image\\\/\",\"url\":\"https:\\\/\\\/acedl.com\\\/wp-content\\\/uploads\\\/2021\\\/05\\\/cropped-Capture.png\",\"contentUrl\":\"https:\\\/\\\/acedl.com\\\/wp-content\\\/uploads\\\/2021\\\/05\\\/cropped-Capture.png\",\"width\":388,\"height\":125,\"caption\":\"ACEDL\"},\"image\":{\"@id\":\"https:\\\/\\\/acedl.com\\\/#\\\/schema\\\/logo\\\/image\\\/\"}}]}<\/script>\n<!-- \/ Yoast SEO plugin. -->","yoast_head_json":{"title":"Commissariat aux Apports - ACE DL","robots":{"index":"index","follow":"follow","max-snippet":"max-snippet:-1","max-image-preview":"max-image-preview:large","max-video-preview":"max-video-preview:-1"},"canonical":"https:\/\/acedl.com\/index.php\/commissariat-aux-apports\/","og_locale":"fr_FR","og_type":"article","og_title":"Commissariat aux Apports - ACE DL","og_description":"Mission de commissariat aux apports Nous avons des experts-comptables \u00e9galement commissaires aux apport au sein de notre structure. Le commissaire aux apports a pour mission d&rsquo;appr\u00e9cier sous sa responsabilit\u00e9 la ...","og_url":"https:\/\/acedl.com\/index.php\/commissariat-aux-apports\/","og_site_name":"ACE DL","article_modified_time":"2021-08-26T13:54:39+00:00","twitter_card":"summary_large_image","twitter_misc":{"Dur\u00e9e de lecture estim\u00e9e":"1 minute"},"schema":{"@context":"https:\/\/schema.org","@graph":[{"@type":"WebPage","@id":"https:\/\/acedl.com\/index.php\/commissariat-aux-apports\/","url":"https:\/\/acedl.com\/index.php\/commissariat-aux-apports\/","name":"Commissariat aux Apports - ACE DL","isPartOf":{"@id":"https:\/\/acedl.com\/#website"},"datePublished":"2021-08-26T13:18:25+00:00","dateModified":"2021-08-26T13:54:39+00:00","breadcrumb":{"@id":"https:\/\/acedl.com\/index.php\/commissariat-aux-apports\/#breadcrumb"},"inLanguage":"fr-FR","potentialAction":[{"@type":"ReadAction","target":["https:\/\/acedl.com\/index.php\/commissariat-aux-apports\/"]}]},{"@type":"BreadcrumbList","@id":"https:\/\/acedl.com\/index.php\/commissariat-aux-apports\/#breadcrumb","itemListElement":[{"@type":"ListItem","position":1,"name":"Accueil","item":"https:\/\/acedl.com\/"},{"@type":"ListItem","position":2,"name":"Commissariat aux Apports"}]},{"@type":"WebSite","@id":"https:\/\/acedl.com\/#website","url":"https:\/\/acedl.com\/","name":"ACE DL","description":"Expertise comptable","publisher":{"@id":"https:\/\/acedl.com\/#organization"},"potentialAction":[{"@type":"SearchAction","target":{"@type":"EntryPoint","urlTemplate":"https:\/\/acedl.com\/?s={search_term_string}"},"query-input":{"@type":"PropertyValueSpecification","valueRequired":true,"valueName":"search_term_string"}}],"inLanguage":"fr-FR"},{"@type":"Organization","@id":"https:\/\/acedl.com\/#organization","name":"ACEDL","url":"https:\/\/acedl.com\/","logo":{"@type":"ImageObject","inLanguage":"fr-FR","@id":"https:\/\/acedl.com\/#\/schema\/logo\/image\/","url":"https:\/\/acedl.com\/wp-content\/uploads\/2021\/05\/cropped-Capture.png","contentUrl":"https:\/\/acedl.com\/wp-content\/uploads\/2021\/05\/cropped-Capture.png","width":388,"height":125,"caption":"ACEDL"},"image":{"@id":"https:\/\/acedl.com\/#\/schema\/logo\/image\/"}}]}},"_links":{"self":[{"href":"https:\/\/acedl.com\/index.php\/wp-json\/wp\/v2\/pages\/1636","targetHints":{"allow":["GET"]}}],"collection":[{"href":"https:\/\/acedl.com\/index.php\/wp-json\/wp\/v2\/pages"}],"about":[{"href":"https:\/\/acedl.com\/index.php\/wp-json\/wp\/v2\/types\/page"}],"author":[{"embeddable":true,"href":"https:\/\/acedl.com\/index.php\/wp-json\/wp\/v2\/users\/1"}],"replies":[{"embeddable":true,"href":"https:\/\/acedl.com\/index.php\/wp-json\/wp\/v2\/comments?post=1636"}],"version-history":[{"count":3,"href":"https:\/\/acedl.com\/index.php\/wp-json\/wp\/v2\/pages\/1636\/revisions"}],"predecessor-version":[{"id":1677,"href":"https:\/\/acedl.com\/index.php\/wp-json\/wp\/v2\/pages\/1636\/revisions\/1677"}],"wp:attachment":[{"href":"https:\/\/acedl.com\/index.php\/wp-json\/wp\/v2\/media?parent=1636"}],"curies":[{"name":"wp","href":"https:\/\/api.w.org\/{rel}","templated":true}]}}