{"id":1828,"date":"2026-02-17T18:29:24","date_gmt":"2026-02-17T17:29:24","guid":{"rendered":"https:\/\/acedl.com\/?page_id=1828"},"modified":"2026-02-17T18:31:05","modified_gmt":"2026-02-17T17:31:05","slug":"secteurs-dactivites","status":"publish","type":"page","link":"https:\/\/acedl.com\/index.php\/secteurs-dactivites\/","title":{"rendered":"Secteurs d&rsquo;Activit\u00e9s"},"content":{"rendered":"<blockquote><p>Une expertise adapt\u00e9e \u00e0 chaque secteur<\/p><\/blockquote>\n<p>Chaque secteur d\u2019activit\u00e9 a ses propres enjeuxcomptables, fiscaux et r\u00e9glementaires. C\u2019estpourquoi ACEDL a d\u00e9velopp\u00e9 une expertise sp\u00e9cifique pour accompagner efficacement les entreprises de tous horizons.<\/p>\n<p>\ud83d\udcbc Entreprises et TPE\/PME<\/p>\n<blockquote><p>Nous aidons les entreprises \u00e0 structurer leurgestion financi\u00e8re, optimiser leur fiscalit\u00e9 et assurer leur conformit\u00e9 comptable.<\/p><\/blockquote>\n<p>\ud83d\udc68\u200d\ud83d\udd27 Artisans et commer\u00e7ants<\/p>\n<blockquote><p>\u00a0Nous simplifions la gestion comptable des artisans et commer\u00e7ants pour leur permettre de se concentrer sur leur c\u0153ur de m\u00e9tier.<\/p><\/blockquote>\n<p>\u2696\ufe0f Professions lib\u00e9rales<\/p>\n<blockquote><p>\u00a0Nous accompagnons les avocats, m\u00e9decins, architectes et autres professions lib\u00e9rales dans la gestion comptable et fiscale de leur activit\u00e9.<\/p><\/blockquote>\n<p>\ud83c\udfd7\ufe0f BTP et industries<\/p>\n<blockquote><p>\u00a0Nous apportons une expertise sp\u00e9cifique aux entreprises du b\u00e2timent et aux industriels enmati\u00e8re de comptabilit\u00e9 analytique et de gestion de tr\u00e9sorerie.<\/p><\/blockquote>\n<p>\ud83c\udfad Associations et secteur non-marchand<\/p>\n<blockquote><p>\u00a0Nous accompagnons les associations dans leurgestion comptable, la transparence financi\u00e8re et l\u2019optimisation de leurs ressources.<\/p>\n<p>Un accompagnement sur-mesure pour chaque m\u00e9tier !<\/p>\n<p>Nous adaptons nos services en fonction des sp\u00e9cificit\u00e9s et des contraintes de votre secteurpour vous offrir une gestion optimis\u00e9e et conforme \u00e0 vos obligations l\u00e9gales.<\/p><\/blockquote>\n","protected":false},"excerpt":{"rendered":"<p>Une expertise adapt\u00e9e \u00e0 chaque secteur Chaque secteur d\u2019activit\u00e9 a ses propres enjeuxcomptables, fiscaux et r\u00e9glementaires. C\u2019estpourquoi ACEDL a d\u00e9velopp\u00e9 une expertise sp\u00e9cifique pour accompagner efficacement les entreprises de tous &#8230;<\/p>\n","protected":false},"author":1,"featured_media":0,"parent":0,"menu_order":0,"comment_status":"closed","ping_status":"closed","template":"","meta":{"footnotes":""},"class_list":["post-1828","page","type-page","status-publish","hentry"],"yoast_head":"<!-- This site is optimized with the Yoast SEO plugin v27.4 - https:\/\/yoast.com\/product\/yoast-seo-wordpress\/ -->\n<title>Secteurs d&#039;Activit\u00e9s - ACE DL<\/title>\n<meta name=\"robots\" content=\"index, follow, max-snippet:-1, max-image-preview:large, max-video-preview:-1\" \/>\n<link rel=\"canonical\" href=\"https:\/\/acedl.com\/index.php\/secteurs-dactivites\/\" \/>\n<meta property=\"og:locale\" content=\"fr_FR\" \/>\n<meta property=\"og:type\" content=\"article\" \/>\n<meta property=\"og:title\" content=\"Secteurs d&#039;Activit\u00e9s - ACE DL\" \/>\n<meta property=\"og:description\" content=\"Une expertise adapt\u00e9e \u00e0 chaque secteur Chaque secteur d\u2019activit\u00e9 a ses propres enjeuxcomptables, fiscaux et r\u00e9glementaires. C\u2019estpourquoi ACEDL a d\u00e9velopp\u00e9 une expertise sp\u00e9cifique pour accompagner efficacement les entreprises de tous ...\" \/>\n<meta property=\"og:url\" content=\"https:\/\/acedl.com\/index.php\/secteurs-dactivites\/\" \/>\n<meta property=\"og:site_name\" content=\"ACE DL\" \/>\n<meta property=\"article:modified_time\" content=\"2026-02-17T17:31:05+00:00\" \/>\n<meta name=\"twitter:card\" content=\"summary_large_image\" \/>\n<meta name=\"twitter:label1\" content=\"Dur\u00e9e de lecture estim\u00e9e\" \/>\n\t<meta name=\"twitter:data1\" content=\"1 minute\" \/>\n<script type=\"application\/ld+json\" class=\"yoast-schema-graph\">{\"@context\":\"https:\\\/\\\/schema.org\",\"@graph\":[{\"@type\":\"WebPage\",\"@id\":\"https:\\\/\\\/acedl.com\\\/index.php\\\/secteurs-dactivites\\\/\",\"url\":\"https:\\\/\\\/acedl.com\\\/index.php\\\/secteurs-dactivites\\\/\",\"name\":\"Secteurs d'Activit\u00e9s - ACE DL\",\"isPartOf\":{\"@id\":\"https:\\\/\\\/acedl.com\\\/#website\"},\"datePublished\":\"2026-02-17T17:29:24+00:00\",\"dateModified\":\"2026-02-17T17:31:05+00:00\",\"breadcrumb\":{\"@id\":\"https:\\\/\\\/acedl.com\\\/index.php\\\/secteurs-dactivites\\\/#breadcrumb\"},\"inLanguage\":\"fr-FR\",\"potentialAction\":[{\"@type\":\"ReadAction\",\"target\":[\"https:\\\/\\\/acedl.com\\\/index.php\\\/secteurs-dactivites\\\/\"]}]},{\"@type\":\"BreadcrumbList\",\"@id\":\"https:\\\/\\\/acedl.com\\\/index.php\\\/secteurs-dactivites\\\/#breadcrumb\",\"itemListElement\":[{\"@type\":\"ListItem\",\"position\":1,\"name\":\"Accueil\",\"item\":\"https:\\\/\\\/acedl.com\\\/\"},{\"@type\":\"ListItem\",\"position\":2,\"name\":\"Secteurs d&rsquo;Activit\u00e9s\"}]},{\"@type\":\"WebSite\",\"@id\":\"https:\\\/\\\/acedl.com\\\/#website\",\"url\":\"https:\\\/\\\/acedl.com\\\/\",\"name\":\"ACE DL\",\"description\":\"Expertise comptable\",\"publisher\":{\"@id\":\"https:\\\/\\\/acedl.com\\\/#organization\"},\"potentialAction\":[{\"@type\":\"SearchAction\",\"target\":{\"@type\":\"EntryPoint\",\"urlTemplate\":\"https:\\\/\\\/acedl.com\\\/?s={search_term_string}\"},\"query-input\":{\"@type\":\"PropertyValueSpecification\",\"valueRequired\":true,\"valueName\":\"search_term_string\"}}],\"inLanguage\":\"fr-FR\"},{\"@type\":\"Organization\",\"@id\":\"https:\\\/\\\/acedl.com\\\/#organization\",\"name\":\"ACEDL\",\"url\":\"https:\\\/\\\/acedl.com\\\/\",\"logo\":{\"@type\":\"ImageObject\",\"inLanguage\":\"fr-FR\",\"@id\":\"https:\\\/\\\/acedl.com\\\/#\\\/schema\\\/logo\\\/image\\\/\",\"url\":\"https:\\\/\\\/acedl.com\\\/wp-content\\\/uploads\\\/2021\\\/05\\\/cropped-Capture.png\",\"contentUrl\":\"https:\\\/\\\/acedl.com\\\/wp-content\\\/uploads\\\/2021\\\/05\\\/cropped-Capture.png\",\"width\":388,\"height\":125,\"caption\":\"ACEDL\"},\"image\":{\"@id\":\"https:\\\/\\\/acedl.com\\\/#\\\/schema\\\/logo\\\/image\\\/\"}}]}<\/script>\n<!-- \/ Yoast SEO plugin. -->","yoast_head_json":{"title":"Secteurs d'Activit\u00e9s - ACE DL","robots":{"index":"index","follow":"follow","max-snippet":"max-snippet:-1","max-image-preview":"max-image-preview:large","max-video-preview":"max-video-preview:-1"},"canonical":"https:\/\/acedl.com\/index.php\/secteurs-dactivites\/","og_locale":"fr_FR","og_type":"article","og_title":"Secteurs d'Activit\u00e9s - ACE DL","og_description":"Une expertise adapt\u00e9e \u00e0 chaque secteur Chaque secteur d\u2019activit\u00e9 a ses propres enjeuxcomptables, fiscaux et r\u00e9glementaires. C\u2019estpourquoi ACEDL a d\u00e9velopp\u00e9 une expertise sp\u00e9cifique pour accompagner efficacement les entreprises de tous ...","og_url":"https:\/\/acedl.com\/index.php\/secteurs-dactivites\/","og_site_name":"ACE DL","article_modified_time":"2026-02-17T17:31:05+00:00","twitter_card":"summary_large_image","twitter_misc":{"Dur\u00e9e de lecture estim\u00e9e":"1 minute"},"schema":{"@context":"https:\/\/schema.org","@graph":[{"@type":"WebPage","@id":"https:\/\/acedl.com\/index.php\/secteurs-dactivites\/","url":"https:\/\/acedl.com\/index.php\/secteurs-dactivites\/","name":"Secteurs d'Activit\u00e9s - ACE DL","isPartOf":{"@id":"https:\/\/acedl.com\/#website"},"datePublished":"2026-02-17T17:29:24+00:00","dateModified":"2026-02-17T17:31:05+00:00","breadcrumb":{"@id":"https:\/\/acedl.com\/index.php\/secteurs-dactivites\/#breadcrumb"},"inLanguage":"fr-FR","potentialAction":[{"@type":"ReadAction","target":["https:\/\/acedl.com\/index.php\/secteurs-dactivites\/"]}]},{"@type":"BreadcrumbList","@id":"https:\/\/acedl.com\/index.php\/secteurs-dactivites\/#breadcrumb","itemListElement":[{"@type":"ListItem","position":1,"name":"Accueil","item":"https:\/\/acedl.com\/"},{"@type":"ListItem","position":2,"name":"Secteurs d&rsquo;Activit\u00e9s"}]},{"@type":"WebSite","@id":"https:\/\/acedl.com\/#website","url":"https:\/\/acedl.com\/","name":"ACE DL","description":"Expertise comptable","publisher":{"@id":"https:\/\/acedl.com\/#organization"},"potentialAction":[{"@type":"SearchAction","target":{"@type":"EntryPoint","urlTemplate":"https:\/\/acedl.com\/?s={search_term_string}"},"query-input":{"@type":"PropertyValueSpecification","valueRequired":true,"valueName":"search_term_string"}}],"inLanguage":"fr-FR"},{"@type":"Organization","@id":"https:\/\/acedl.com\/#organization","name":"ACEDL","url":"https:\/\/acedl.com\/","logo":{"@type":"ImageObject","inLanguage":"fr-FR","@id":"https:\/\/acedl.com\/#\/schema\/logo\/image\/","url":"https:\/\/acedl.com\/wp-content\/uploads\/2021\/05\/cropped-Capture.png","contentUrl":"https:\/\/acedl.com\/wp-content\/uploads\/2021\/05\/cropped-Capture.png","width":388,"height":125,"caption":"ACEDL"},"image":{"@id":"https:\/\/acedl.com\/#\/schema\/logo\/image\/"}}]}},"_links":{"self":[{"href":"https:\/\/acedl.com\/index.php\/wp-json\/wp\/v2\/pages\/1828","targetHints":{"allow":["GET"]}}],"collection":[{"href":"https:\/\/acedl.com\/index.php\/wp-json\/wp\/v2\/pages"}],"about":[{"href":"https:\/\/acedl.com\/index.php\/wp-json\/wp\/v2\/types\/page"}],"author":[{"embeddable":true,"href":"https:\/\/acedl.com\/index.php\/wp-json\/wp\/v2\/users\/1"}],"replies":[{"embeddable":true,"href":"https:\/\/acedl.com\/index.php\/wp-json\/wp\/v2\/comments?post=1828"}],"version-history":[{"count":3,"href":"https:\/\/acedl.com\/index.php\/wp-json\/wp\/v2\/pages\/1828\/revisions"}],"predecessor-version":[{"id":1833,"href":"https:\/\/acedl.com\/index.php\/wp-json\/wp\/v2\/pages\/1828\/revisions\/1833"}],"wp:attachment":[{"href":"https:\/\/acedl.com\/index.php\/wp-json\/wp\/v2\/media?parent=1828"}],"curies":[{"name":"wp","href":"https:\/\/api.w.org\/{rel}","templated":true}]}}