{"id":1838,"date":"2026-02-17T18:36:21","date_gmt":"2026-02-17T17:36:21","guid":{"rendered":"https:\/\/acedl.com\/?page_id=1838"},"modified":"2026-04-06T11:47:40","modified_gmt":"2026-04-06T09:47:40","slug":"entreprises-en-difficultees","status":"publish","type":"page","link":"https:\/\/acedl.com\/index.php\/entreprises-en-difficultees\/","title":{"rendered":"Entreprises en difficult\u00e9es"},"content":{"rendered":"<h3>ACEDL : MANAGER DE TRANSITION<\/h3>\n<p>Face aux al\u00e9as \u00e9conomiques, il est essentiel de s\u2019adapter rapidement. Nous vous assistons dans le <strong>pilotage et la restructuration<\/strong> de votre activit\u00e9 pour assurer votre p\u00e9rennit\u00e9.<\/p>\n<p><strong>Nos prestations :<\/strong><\/p>\n<p>&#8211; <strong>Gestion de tr\u00e9sorerie<\/strong> : anticipation et suivi des flux financiers<\/p>\n<p>&#8211; <strong>Suivi de facturation<\/strong> : optimisation des d\u00e9lais de paiement et relances clients<\/p>\n<p>&#8211; <strong>Analyse des seuils de rentabilit\u00e9<\/strong> : identification des leviers de performance<\/p>\n<p>&#8211; <strong>Mise en place de pr\u00e9visionnels<\/strong> : outils d\u2019aide \u00e0 la d\u00e9cision<\/p>\n<p>&#8211; <strong>Strat\u00e9gies d\u2019optimisation des co\u00fbts<\/strong> et restructuration financi\u00e8re<\/p>\n<hr \/>\n<h3>VOUS AIDER \u00c0 GAGNER UNE PROC\u00c9DURE JUDICIAIRE<\/h3>\n<p>Les conflits clients ou fournisseurs peuvent impacter gravement la sant\u00e9 financi\u00e8re de votre entreprise. ACEDL, en tant \u00ab\u00a0qu\u2019expert de partie\u00a0\u00bb, vous accompagne pour d\u00e9fendre vos int\u00e9r\u00eats.<\/p>\n<p><strong>Nos interventions :<\/strong><\/p>\n<p>&#8211; \u00c9tude approfondie des dossiers litigieux<\/p>\n<p>&#8211; \u00c9valuation des pr\u00e9judices \u00e9conomiques<\/p>\n<p>&#8211; \u00c9laboration de strat\u00e9gies de d\u00e9fense<\/p>\n<p>&#8211; Accompagnement dans la gestion des contentieux<\/p>\n","protected":false},"excerpt":{"rendered":"<p>ACEDL : MANAGER DE TRANSITION Face aux al\u00e9as \u00e9conomiques, il est essentiel de s\u2019adapter rapidement. Nous vous assistons dans le pilotage et la restructuration de votre activit\u00e9 pour assurer votre &#8230;<\/p>\n","protected":false},"author":1,"featured_media":0,"parent":0,"menu_order":0,"comment_status":"closed","ping_status":"closed","template":"","meta":{"footnotes":""},"class_list":["post-1838","page","type-page","status-publish","hentry"],"yoast_head":"<!-- This site is optimized with the Yoast SEO plugin v27.4 - https:\/\/yoast.com\/product\/yoast-seo-wordpress\/ -->\n<title>Entreprises en difficult\u00e9es - ACE DL<\/title>\n<meta name=\"robots\" content=\"index, follow, max-snippet:-1, max-image-preview:large, max-video-preview:-1\" \/>\n<link rel=\"canonical\" href=\"https:\/\/acedl.com\/index.php\/entreprises-en-difficultees\/\" \/>\n<meta property=\"og:locale\" content=\"fr_FR\" \/>\n<meta property=\"og:type\" content=\"article\" \/>\n<meta property=\"og:title\" content=\"Entreprises en difficult\u00e9es - ACE DL\" \/>\n<meta property=\"og:description\" content=\"ACEDL : MANAGER DE TRANSITION Face aux al\u00e9as \u00e9conomiques, il est essentiel de s\u2019adapter rapidement. Nous vous assistons dans le pilotage et la restructuration de votre activit\u00e9 pour assurer votre ...\" \/>\n<meta property=\"og:url\" content=\"https:\/\/acedl.com\/index.php\/entreprises-en-difficultees\/\" \/>\n<meta property=\"og:site_name\" content=\"ACE DL\" \/>\n<meta property=\"article:modified_time\" content=\"2026-04-06T09:47:40+00:00\" \/>\n<meta name=\"twitter:card\" content=\"summary_large_image\" \/>\n<meta name=\"twitter:label1\" content=\"Dur\u00e9e de lecture estim\u00e9e\" \/>\n\t<meta name=\"twitter:data1\" content=\"1 minute\" \/>\n<script type=\"application\/ld+json\" class=\"yoast-schema-graph\">{\"@context\":\"https:\\\/\\\/schema.org\",\"@graph\":[{\"@type\":\"WebPage\",\"@id\":\"https:\\\/\\\/acedl.com\\\/index.php\\\/entreprises-en-difficultees\\\/\",\"url\":\"https:\\\/\\\/acedl.com\\\/index.php\\\/entreprises-en-difficultees\\\/\",\"name\":\"Entreprises en difficult\u00e9es - ACE DL\",\"isPartOf\":{\"@id\":\"https:\\\/\\\/acedl.com\\\/#website\"},\"datePublished\":\"2026-02-17T17:36:21+00:00\",\"dateModified\":\"2026-04-06T09:47:40+00:00\",\"breadcrumb\":{\"@id\":\"https:\\\/\\\/acedl.com\\\/index.php\\\/entreprises-en-difficultees\\\/#breadcrumb\"},\"inLanguage\":\"fr-FR\",\"potentialAction\":[{\"@type\":\"ReadAction\",\"target\":[\"https:\\\/\\\/acedl.com\\\/index.php\\\/entreprises-en-difficultees\\\/\"]}]},{\"@type\":\"BreadcrumbList\",\"@id\":\"https:\\\/\\\/acedl.com\\\/index.php\\\/entreprises-en-difficultees\\\/#breadcrumb\",\"itemListElement\":[{\"@type\":\"ListItem\",\"position\":1,\"name\":\"Accueil\",\"item\":\"https:\\\/\\\/acedl.com\\\/\"},{\"@type\":\"ListItem\",\"position\":2,\"name\":\"Entreprises en difficult\u00e9es\"}]},{\"@type\":\"WebSite\",\"@id\":\"https:\\\/\\\/acedl.com\\\/#website\",\"url\":\"https:\\\/\\\/acedl.com\\\/\",\"name\":\"ACE DL\",\"description\":\"Expertise comptable\",\"publisher\":{\"@id\":\"https:\\\/\\\/acedl.com\\\/#organization\"},\"potentialAction\":[{\"@type\":\"SearchAction\",\"target\":{\"@type\":\"EntryPoint\",\"urlTemplate\":\"https:\\\/\\\/acedl.com\\\/?s={search_term_string}\"},\"query-input\":{\"@type\":\"PropertyValueSpecification\",\"valueRequired\":true,\"valueName\":\"search_term_string\"}}],\"inLanguage\":\"fr-FR\"},{\"@type\":\"Organization\",\"@id\":\"https:\\\/\\\/acedl.com\\\/#organization\",\"name\":\"ACEDL\",\"url\":\"https:\\\/\\\/acedl.com\\\/\",\"logo\":{\"@type\":\"ImageObject\",\"inLanguage\":\"fr-FR\",\"@id\":\"https:\\\/\\\/acedl.com\\\/#\\\/schema\\\/logo\\\/image\\\/\",\"url\":\"https:\\\/\\\/acedl.com\\\/wp-content\\\/uploads\\\/2021\\\/05\\\/cropped-Capture.png\",\"contentUrl\":\"https:\\\/\\\/acedl.com\\\/wp-content\\\/uploads\\\/2021\\\/05\\\/cropped-Capture.png\",\"width\":388,\"height\":125,\"caption\":\"ACEDL\"},\"image\":{\"@id\":\"https:\\\/\\\/acedl.com\\\/#\\\/schema\\\/logo\\\/image\\\/\"}}]}<\/script>\n<!-- \/ Yoast SEO plugin. -->","yoast_head_json":{"title":"Entreprises en difficult\u00e9es - ACE DL","robots":{"index":"index","follow":"follow","max-snippet":"max-snippet:-1","max-image-preview":"max-image-preview:large","max-video-preview":"max-video-preview:-1"},"canonical":"https:\/\/acedl.com\/index.php\/entreprises-en-difficultees\/","og_locale":"fr_FR","og_type":"article","og_title":"Entreprises en difficult\u00e9es - ACE DL","og_description":"ACEDL : MANAGER DE TRANSITION Face aux al\u00e9as \u00e9conomiques, il est essentiel de s\u2019adapter rapidement. Nous vous assistons dans le pilotage et la restructuration de votre activit\u00e9 pour assurer votre ...","og_url":"https:\/\/acedl.com\/index.php\/entreprises-en-difficultees\/","og_site_name":"ACE DL","article_modified_time":"2026-04-06T09:47:40+00:00","twitter_card":"summary_large_image","twitter_misc":{"Dur\u00e9e de lecture estim\u00e9e":"1 minute"},"schema":{"@context":"https:\/\/schema.org","@graph":[{"@type":"WebPage","@id":"https:\/\/acedl.com\/index.php\/entreprises-en-difficultees\/","url":"https:\/\/acedl.com\/index.php\/entreprises-en-difficultees\/","name":"Entreprises en difficult\u00e9es - ACE DL","isPartOf":{"@id":"https:\/\/acedl.com\/#website"},"datePublished":"2026-02-17T17:36:21+00:00","dateModified":"2026-04-06T09:47:40+00:00","breadcrumb":{"@id":"https:\/\/acedl.com\/index.php\/entreprises-en-difficultees\/#breadcrumb"},"inLanguage":"fr-FR","potentialAction":[{"@type":"ReadAction","target":["https:\/\/acedl.com\/index.php\/entreprises-en-difficultees\/"]}]},{"@type":"BreadcrumbList","@id":"https:\/\/acedl.com\/index.php\/entreprises-en-difficultees\/#breadcrumb","itemListElement":[{"@type":"ListItem","position":1,"name":"Accueil","item":"https:\/\/acedl.com\/"},{"@type":"ListItem","position":2,"name":"Entreprises en difficult\u00e9es"}]},{"@type":"WebSite","@id":"https:\/\/acedl.com\/#website","url":"https:\/\/acedl.com\/","name":"ACE DL","description":"Expertise comptable","publisher":{"@id":"https:\/\/acedl.com\/#organization"},"potentialAction":[{"@type":"SearchAction","target":{"@type":"EntryPoint","urlTemplate":"https:\/\/acedl.com\/?s={search_term_string}"},"query-input":{"@type":"PropertyValueSpecification","valueRequired":true,"valueName":"search_term_string"}}],"inLanguage":"fr-FR"},{"@type":"Organization","@id":"https:\/\/acedl.com\/#organization","name":"ACEDL","url":"https:\/\/acedl.com\/","logo":{"@type":"ImageObject","inLanguage":"fr-FR","@id":"https:\/\/acedl.com\/#\/schema\/logo\/image\/","url":"https:\/\/acedl.com\/wp-content\/uploads\/2021\/05\/cropped-Capture.png","contentUrl":"https:\/\/acedl.com\/wp-content\/uploads\/2021\/05\/cropped-Capture.png","width":388,"height":125,"caption":"ACEDL"},"image":{"@id":"https:\/\/acedl.com\/#\/schema\/logo\/image\/"}}]}},"_links":{"self":[{"href":"https:\/\/acedl.com\/index.php\/wp-json\/wp\/v2\/pages\/1838","targetHints":{"allow":["GET"]}}],"collection":[{"href":"https:\/\/acedl.com\/index.php\/wp-json\/wp\/v2\/pages"}],"about":[{"href":"https:\/\/acedl.com\/index.php\/wp-json\/wp\/v2\/types\/page"}],"author":[{"embeddable":true,"href":"https:\/\/acedl.com\/index.php\/wp-json\/wp\/v2\/users\/1"}],"replies":[{"embeddable":true,"href":"https:\/\/acedl.com\/index.php\/wp-json\/wp\/v2\/comments?post=1838"}],"version-history":[{"count":5,"href":"https:\/\/acedl.com\/index.php\/wp-json\/wp\/v2\/pages\/1838\/revisions"}],"predecessor-version":[{"id":1864,"href":"https:\/\/acedl.com\/index.php\/wp-json\/wp\/v2\/pages\/1838\/revisions\/1864"}],"wp:attachment":[{"href":"https:\/\/acedl.com\/index.php\/wp-json\/wp\/v2\/media?parent=1838"}],"curies":[{"name":"wp","href":"https:\/\/api.w.org\/{rel}","templated":true}]}}