{"id":39,"date":"2021-05-10T10:14:47","date_gmt":"2021-05-10T08:14:47","guid":{"rendered":"http:\/\/qiexyqf.cluster030.hosting.ovh.net\/?page_id=39"},"modified":"2026-04-06T11:43:09","modified_gmt":"2026-04-06T09:43:09","slug":"outils-de-gestion","status":"publish","type":"page","link":"https:\/\/acedl.com\/index.php\/outils-de-gestion\/","title":{"rendered":"Outils de Gestion"},"content":{"rendered":"<h3>LOGICIEL MIS \u00c0 DISPOSITION DES CLIENTS<\/h3>\n<div class=\"texte_cms\">\n<p><strong>Nous vous aidons \u00e0 structurer vos outils de gestion avec des solutions modernes et performantes, dans la perspective de la facturation \u00e9lectronique.\u00a0<\/strong><\/p>\n<p>\u2705 Mise en place de <strong>REGATE<\/strong>, une plateforme optimis\u00e9e pour la <strong>transmission des pi\u00e8ces comptables<\/strong> et la gestion documentaire.<\/p>\n<p>Avec <strong>REGATE<\/strong>, vous b\u00e9n\u00e9ficiez d\u2019un espace digital <strong>s\u00e9curis\u00e9<\/strong> et intuitif pour la gestion de vos documents comptables. Cette plateforme vous permet de <strong>centraliser, automatiser et fluidifier<\/strong> votre comptabilit\u00e9 en toute simplicit\u00e9, en s\u2019int\u00e9grant parfaitement avec vos outils existants.<\/p>\n<p>\ud83d\udd39 <strong>Automatisation des saisies comptables<\/strong> pour un gain de temps significatif<\/p>\n<p>\ud83d\udd39 <strong>Pilotage en temps r\u00e9el<\/strong> gr\u00e2ce \u00e0 des tableaux de bord interactifs<\/p>\n<p>\ud83d\udd39 <strong>Archivage num\u00e9rique s\u00e9curis\u00e9<\/strong> et accessible \u00e0 tout moment<\/p>\n<p>\ud83d\udd39 <strong>Collaboration simplifi\u00e9e<\/strong> entre les dirigeants, les \u00e9quipes et l\u2019expert-comptable<\/p>\n<p>\ud83d\udd39 <strong>Logiciel de facturation<\/strong> int\u00e9gr\u00e9 pour simplifier vos processus de facturation<\/p>\n<p><strong>Regate<\/strong> permet \u00e9galement d\u2019automatiser vos <strong>processus de facturation<\/strong>, d\u2019\u00e9mettre des factures conformes, et de suivre vos paiements de mani\u00e8re fluide. Il s&rsquo;int\u00e8gre parfaitement \u00e0 votre gestion comptable, offrant ainsi un outil complet pour la gestion de votre entreprise.<\/p>\n<\/div>\n","protected":false},"excerpt":{"rendered":"<p>LOGICIEL MIS \u00c0 DISPOSITION DES CLIENTS Nous vous aidons \u00e0 structurer vos outils de gestion avec des solutions modernes et performantes, dans la perspective de la facturation \u00e9lectronique.\u00a0 \u2705 Mise &#8230;<\/p>\n","protected":false},"author":1,"featured_media":0,"parent":0,"menu_order":0,"comment_status":"closed","ping_status":"closed","template":"","meta":{"footnotes":""},"class_list":["post-39","page","type-page","status-publish","hentry"],"yoast_head":"<!-- This site is optimized with the Yoast SEO plugin v27.4 - https:\/\/yoast.com\/product\/yoast-seo-wordpress\/ -->\n<title>Outils de Gestion - ACE DL<\/title>\n<meta name=\"robots\" content=\"index, follow, max-snippet:-1, max-image-preview:large, max-video-preview:-1\" \/>\n<link rel=\"canonical\" href=\"https:\/\/acedl.com\/index.php\/outils-de-gestion\/\" \/>\n<meta property=\"og:locale\" content=\"fr_FR\" \/>\n<meta property=\"og:type\" content=\"article\" \/>\n<meta property=\"og:title\" content=\"Outils de Gestion - ACE DL\" \/>\n<meta property=\"og:description\" content=\"LOGICIEL MIS \u00c0 DISPOSITION DES CLIENTS Nous vous aidons \u00e0 structurer vos outils de gestion avec des solutions modernes et performantes, dans la perspective de la facturation \u00e9lectronique.\u00a0 \u2705 Mise ...\" \/>\n<meta property=\"og:url\" content=\"https:\/\/acedl.com\/index.php\/outils-de-gestion\/\" \/>\n<meta property=\"og:site_name\" content=\"ACE DL\" \/>\n<meta property=\"article:modified_time\" content=\"2026-04-06T09:43:09+00:00\" \/>\n<meta name=\"twitter:card\" content=\"summary_large_image\" \/>\n<meta name=\"twitter:label1\" content=\"Dur\u00e9e de lecture estim\u00e9e\" \/>\n\t<meta name=\"twitter:data1\" content=\"1 minute\" \/>\n<script type=\"application\/ld+json\" class=\"yoast-schema-graph\">{\"@context\":\"https:\\\/\\\/schema.org\",\"@graph\":[{\"@type\":\"WebPage\",\"@id\":\"https:\\\/\\\/acedl.com\\\/index.php\\\/outils-de-gestion\\\/\",\"url\":\"https:\\\/\\\/acedl.com\\\/index.php\\\/outils-de-gestion\\\/\",\"name\":\"Outils de Gestion - ACE DL\",\"isPartOf\":{\"@id\":\"https:\\\/\\\/acedl.com\\\/#website\"},\"datePublished\":\"2021-05-10T08:14:47+00:00\",\"dateModified\":\"2026-04-06T09:43:09+00:00\",\"breadcrumb\":{\"@id\":\"https:\\\/\\\/acedl.com\\\/index.php\\\/outils-de-gestion\\\/#breadcrumb\"},\"inLanguage\":\"fr-FR\",\"potentialAction\":[{\"@type\":\"ReadAction\",\"target\":[\"https:\\\/\\\/acedl.com\\\/index.php\\\/outils-de-gestion\\\/\"]}]},{\"@type\":\"BreadcrumbList\",\"@id\":\"https:\\\/\\\/acedl.com\\\/index.php\\\/outils-de-gestion\\\/#breadcrumb\",\"itemListElement\":[{\"@type\":\"ListItem\",\"position\":1,\"name\":\"Accueil\",\"item\":\"https:\\\/\\\/acedl.com\\\/\"},{\"@type\":\"ListItem\",\"position\":2,\"name\":\"Outils de Gestion\"}]},{\"@type\":\"WebSite\",\"@id\":\"https:\\\/\\\/acedl.com\\\/#website\",\"url\":\"https:\\\/\\\/acedl.com\\\/\",\"name\":\"ACE DL\",\"description\":\"Expertise comptable\",\"publisher\":{\"@id\":\"https:\\\/\\\/acedl.com\\\/#organization\"},\"potentialAction\":[{\"@type\":\"SearchAction\",\"target\":{\"@type\":\"EntryPoint\",\"urlTemplate\":\"https:\\\/\\\/acedl.com\\\/?s={search_term_string}\"},\"query-input\":{\"@type\":\"PropertyValueSpecification\",\"valueRequired\":true,\"valueName\":\"search_term_string\"}}],\"inLanguage\":\"fr-FR\"},{\"@type\":\"Organization\",\"@id\":\"https:\\\/\\\/acedl.com\\\/#organization\",\"name\":\"ACEDL\",\"url\":\"https:\\\/\\\/acedl.com\\\/\",\"logo\":{\"@type\":\"ImageObject\",\"inLanguage\":\"fr-FR\",\"@id\":\"https:\\\/\\\/acedl.com\\\/#\\\/schema\\\/logo\\\/image\\\/\",\"url\":\"https:\\\/\\\/acedl.com\\\/wp-content\\\/uploads\\\/2021\\\/05\\\/cropped-Capture.png\",\"contentUrl\":\"https:\\\/\\\/acedl.com\\\/wp-content\\\/uploads\\\/2021\\\/05\\\/cropped-Capture.png\",\"width\":388,\"height\":125,\"caption\":\"ACEDL\"},\"image\":{\"@id\":\"https:\\\/\\\/acedl.com\\\/#\\\/schema\\\/logo\\\/image\\\/\"}}]}<\/script>\n<!-- \/ Yoast SEO plugin. -->","yoast_head_json":{"title":"Outils de Gestion - ACE DL","robots":{"index":"index","follow":"follow","max-snippet":"max-snippet:-1","max-image-preview":"max-image-preview:large","max-video-preview":"max-video-preview:-1"},"canonical":"https:\/\/acedl.com\/index.php\/outils-de-gestion\/","og_locale":"fr_FR","og_type":"article","og_title":"Outils de Gestion - ACE DL","og_description":"LOGICIEL MIS \u00c0 DISPOSITION DES CLIENTS Nous vous aidons \u00e0 structurer vos outils de gestion avec des solutions modernes et performantes, dans la perspective de la facturation \u00e9lectronique.\u00a0 \u2705 Mise ...","og_url":"https:\/\/acedl.com\/index.php\/outils-de-gestion\/","og_site_name":"ACE DL","article_modified_time":"2026-04-06T09:43:09+00:00","twitter_card":"summary_large_image","twitter_misc":{"Dur\u00e9e de lecture estim\u00e9e":"1 minute"},"schema":{"@context":"https:\/\/schema.org","@graph":[{"@type":"WebPage","@id":"https:\/\/acedl.com\/index.php\/outils-de-gestion\/","url":"https:\/\/acedl.com\/index.php\/outils-de-gestion\/","name":"Outils de Gestion - ACE DL","isPartOf":{"@id":"https:\/\/acedl.com\/#website"},"datePublished":"2021-05-10T08:14:47+00:00","dateModified":"2026-04-06T09:43:09+00:00","breadcrumb":{"@id":"https:\/\/acedl.com\/index.php\/outils-de-gestion\/#breadcrumb"},"inLanguage":"fr-FR","potentialAction":[{"@type":"ReadAction","target":["https:\/\/acedl.com\/index.php\/outils-de-gestion\/"]}]},{"@type":"BreadcrumbList","@id":"https:\/\/acedl.com\/index.php\/outils-de-gestion\/#breadcrumb","itemListElement":[{"@type":"ListItem","position":1,"name":"Accueil","item":"https:\/\/acedl.com\/"},{"@type":"ListItem","position":2,"name":"Outils de Gestion"}]},{"@type":"WebSite","@id":"https:\/\/acedl.com\/#website","url":"https:\/\/acedl.com\/","name":"ACE DL","description":"Expertise comptable","publisher":{"@id":"https:\/\/acedl.com\/#organization"},"potentialAction":[{"@type":"SearchAction","target":{"@type":"EntryPoint","urlTemplate":"https:\/\/acedl.com\/?s={search_term_string}"},"query-input":{"@type":"PropertyValueSpecification","valueRequired":true,"valueName":"search_term_string"}}],"inLanguage":"fr-FR"},{"@type":"Organization","@id":"https:\/\/acedl.com\/#organization","name":"ACEDL","url":"https:\/\/acedl.com\/","logo":{"@type":"ImageObject","inLanguage":"fr-FR","@id":"https:\/\/acedl.com\/#\/schema\/logo\/image\/","url":"https:\/\/acedl.com\/wp-content\/uploads\/2021\/05\/cropped-Capture.png","contentUrl":"https:\/\/acedl.com\/wp-content\/uploads\/2021\/05\/cropped-Capture.png","width":388,"height":125,"caption":"ACEDL"},"image":{"@id":"https:\/\/acedl.com\/#\/schema\/logo\/image\/"}}]}},"_links":{"self":[{"href":"https:\/\/acedl.com\/index.php\/wp-json\/wp\/v2\/pages\/39","targetHints":{"allow":["GET"]}}],"collection":[{"href":"https:\/\/acedl.com\/index.php\/wp-json\/wp\/v2\/pages"}],"about":[{"href":"https:\/\/acedl.com\/index.php\/wp-json\/wp\/v2\/types\/page"}],"author":[{"embeddable":true,"href":"https:\/\/acedl.com\/index.php\/wp-json\/wp\/v2\/users\/1"}],"replies":[{"embeddable":true,"href":"https:\/\/acedl.com\/index.php\/wp-json\/wp\/v2\/comments?post=39"}],"version-history":[{"count":7,"href":"https:\/\/acedl.com\/index.php\/wp-json\/wp\/v2\/pages\/39\/revisions"}],"predecessor-version":[{"id":1861,"href":"https:\/\/acedl.com\/index.php\/wp-json\/wp\/v2\/pages\/39\/revisions\/1861"}],"wp:attachment":[{"href":"https:\/\/acedl.com\/index.php\/wp-json\/wp\/v2\/media?parent=39"}],"curies":[{"name":"wp","href":"https:\/\/api.w.org\/{rel}","templated":true}]}}