{"id":41,"date":"2021-05-10T10:14:47","date_gmt":"2021-05-10T08:14:47","guid":{"rendered":"http:\/\/qiexyqf.cluster030.hosting.ovh.net\/?page_id=41"},"modified":"2026-04-06T11:34:56","modified_gmt":"2026-04-06T09:34:56","slug":"conseils-en-gestion","status":"publish","type":"page","link":"https:\/\/acedl.com\/index.php\/conseils-en-gestion\/","title":{"rendered":"Conseils en gestion"},"content":{"rendered":"<p>G\u00e9rer une entreprise, c\u2019est jongler avec de nombreuses obligations financi\u00e8res et<br \/>\nstrat\u00e9giques. ACEDL vous accompagne dans la prise de d\u00e9cisions et vous aide \u00e0<br \/>\n<strong>optimiser vos performances<\/strong> gr\u00e2ce \u00e0 une vision claire et des outils adapt\u00e9s.<\/p>\n<p><strong>Nos prestations incluent :<\/strong><\/p>\n<ul>\n<li><strong>Suivi permanent<\/strong> de votre situation financi\u00e8re avec des outils d\u2019analyse en temps r\u00e9el<\/li>\n<li>\u00c9laboration de <strong>tableaux de bord sur mesure<\/strong> pour une meilleure visibilit\u00e9<\/li>\n<li>Aide \u00e0 la <strong>gestion pr\u00e9visionnelle, budg\u00e9taire et analytique<\/strong><\/li>\n<li>Analyse des co\u00fbts, marges et <strong>strat\u00e9gies d\u2019optimisation<\/strong><\/li>\n<li>Conseil en <strong>croissance et d\u00e9veloppement strat\u00e9gique<\/strong><\/li>\n<\/ul>\n","protected":false},"excerpt":{"rendered":"<p>G\u00e9rer une entreprise, c\u2019est jongler avec de nombreuses obligations financi\u00e8res et strat\u00e9giques. ACEDL vous accompagne dans la prise de d\u00e9cisions et vous aide \u00e0 optimiser vos performances gr\u00e2ce \u00e0 une &#8230;<\/p>\n","protected":false},"author":1,"featured_media":0,"parent":0,"menu_order":0,"comment_status":"closed","ping_status":"closed","template":"","meta":{"footnotes":""},"class_list":["post-41","page","type-page","status-publish","hentry"],"yoast_head":"<!-- This site is optimized with the Yoast SEO plugin v27.4 - https:\/\/yoast.com\/product\/yoast-seo-wordpress\/ -->\n<title>Conseils en gestion - ACE DL<\/title>\n<meta name=\"robots\" content=\"index, follow, max-snippet:-1, max-image-preview:large, max-video-preview:-1\" \/>\n<link rel=\"canonical\" href=\"https:\/\/acedl.com\/index.php\/conseils-en-gestion\/\" \/>\n<meta property=\"og:locale\" content=\"fr_FR\" \/>\n<meta property=\"og:type\" content=\"article\" \/>\n<meta property=\"og:title\" content=\"Conseils en gestion - ACE DL\" \/>\n<meta property=\"og:description\" content=\"G\u00e9rer une entreprise, c\u2019est jongler avec de nombreuses obligations financi\u00e8res et strat\u00e9giques. ACEDL vous accompagne dans la prise de d\u00e9cisions et vous aide \u00e0 optimiser vos performances gr\u00e2ce \u00e0 une ...\" \/>\n<meta property=\"og:url\" content=\"https:\/\/acedl.com\/index.php\/conseils-en-gestion\/\" \/>\n<meta property=\"og:site_name\" content=\"ACE DL\" \/>\n<meta property=\"article:modified_time\" content=\"2026-04-06T09:34:56+00:00\" \/>\n<meta name=\"twitter:card\" content=\"summary_large_image\" \/>\n<meta name=\"twitter:label1\" content=\"Dur\u00e9e de lecture estim\u00e9e\" \/>\n\t<meta name=\"twitter:data1\" content=\"1 minute\" \/>\n<script type=\"application\/ld+json\" class=\"yoast-schema-graph\">{\"@context\":\"https:\\\/\\\/schema.org\",\"@graph\":[{\"@type\":\"WebPage\",\"@id\":\"https:\\\/\\\/acedl.com\\\/index.php\\\/conseils-en-gestion\\\/\",\"url\":\"https:\\\/\\\/acedl.com\\\/index.php\\\/conseils-en-gestion\\\/\",\"name\":\"Conseils en gestion - ACE DL\",\"isPartOf\":{\"@id\":\"https:\\\/\\\/acedl.com\\\/#website\"},\"datePublished\":\"2021-05-10T08:14:47+00:00\",\"dateModified\":\"2026-04-06T09:34:56+00:00\",\"breadcrumb\":{\"@id\":\"https:\\\/\\\/acedl.com\\\/index.php\\\/conseils-en-gestion\\\/#breadcrumb\"},\"inLanguage\":\"fr-FR\",\"potentialAction\":[{\"@type\":\"ReadAction\",\"target\":[\"https:\\\/\\\/acedl.com\\\/index.php\\\/conseils-en-gestion\\\/\"]}]},{\"@type\":\"BreadcrumbList\",\"@id\":\"https:\\\/\\\/acedl.com\\\/index.php\\\/conseils-en-gestion\\\/#breadcrumb\",\"itemListElement\":[{\"@type\":\"ListItem\",\"position\":1,\"name\":\"Accueil\",\"item\":\"https:\\\/\\\/acedl.com\\\/\"},{\"@type\":\"ListItem\",\"position\":2,\"name\":\"Conseils en gestion\"}]},{\"@type\":\"WebSite\",\"@id\":\"https:\\\/\\\/acedl.com\\\/#website\",\"url\":\"https:\\\/\\\/acedl.com\\\/\",\"name\":\"ACE DL\",\"description\":\"Expertise comptable\",\"publisher\":{\"@id\":\"https:\\\/\\\/acedl.com\\\/#organization\"},\"potentialAction\":[{\"@type\":\"SearchAction\",\"target\":{\"@type\":\"EntryPoint\",\"urlTemplate\":\"https:\\\/\\\/acedl.com\\\/?s={search_term_string}\"},\"query-input\":{\"@type\":\"PropertyValueSpecification\",\"valueRequired\":true,\"valueName\":\"search_term_string\"}}],\"inLanguage\":\"fr-FR\"},{\"@type\":\"Organization\",\"@id\":\"https:\\\/\\\/acedl.com\\\/#organization\",\"name\":\"ACEDL\",\"url\":\"https:\\\/\\\/acedl.com\\\/\",\"logo\":{\"@type\":\"ImageObject\",\"inLanguage\":\"fr-FR\",\"@id\":\"https:\\\/\\\/acedl.com\\\/#\\\/schema\\\/logo\\\/image\\\/\",\"url\":\"https:\\\/\\\/acedl.com\\\/wp-content\\\/uploads\\\/2021\\\/05\\\/cropped-Capture.png\",\"contentUrl\":\"https:\\\/\\\/acedl.com\\\/wp-content\\\/uploads\\\/2021\\\/05\\\/cropped-Capture.png\",\"width\":388,\"height\":125,\"caption\":\"ACEDL\"},\"image\":{\"@id\":\"https:\\\/\\\/acedl.com\\\/#\\\/schema\\\/logo\\\/image\\\/\"}}]}<\/script>\n<!-- \/ Yoast SEO plugin. -->","yoast_head_json":{"title":"Conseils en gestion - ACE DL","robots":{"index":"index","follow":"follow","max-snippet":"max-snippet:-1","max-image-preview":"max-image-preview:large","max-video-preview":"max-video-preview:-1"},"canonical":"https:\/\/acedl.com\/index.php\/conseils-en-gestion\/","og_locale":"fr_FR","og_type":"article","og_title":"Conseils en gestion - ACE DL","og_description":"G\u00e9rer une entreprise, c\u2019est jongler avec de nombreuses obligations financi\u00e8res et strat\u00e9giques. ACEDL vous accompagne dans la prise de d\u00e9cisions et vous aide \u00e0 optimiser vos performances gr\u00e2ce \u00e0 une ...","og_url":"https:\/\/acedl.com\/index.php\/conseils-en-gestion\/","og_site_name":"ACE DL","article_modified_time":"2026-04-06T09:34:56+00:00","twitter_card":"summary_large_image","twitter_misc":{"Dur\u00e9e de lecture estim\u00e9e":"1 minute"},"schema":{"@context":"https:\/\/schema.org","@graph":[{"@type":"WebPage","@id":"https:\/\/acedl.com\/index.php\/conseils-en-gestion\/","url":"https:\/\/acedl.com\/index.php\/conseils-en-gestion\/","name":"Conseils en gestion - ACE DL","isPartOf":{"@id":"https:\/\/acedl.com\/#website"},"datePublished":"2021-05-10T08:14:47+00:00","dateModified":"2026-04-06T09:34:56+00:00","breadcrumb":{"@id":"https:\/\/acedl.com\/index.php\/conseils-en-gestion\/#breadcrumb"},"inLanguage":"fr-FR","potentialAction":[{"@type":"ReadAction","target":["https:\/\/acedl.com\/index.php\/conseils-en-gestion\/"]}]},{"@type":"BreadcrumbList","@id":"https:\/\/acedl.com\/index.php\/conseils-en-gestion\/#breadcrumb","itemListElement":[{"@type":"ListItem","position":1,"name":"Accueil","item":"https:\/\/acedl.com\/"},{"@type":"ListItem","position":2,"name":"Conseils en gestion"}]},{"@type":"WebSite","@id":"https:\/\/acedl.com\/#website","url":"https:\/\/acedl.com\/","name":"ACE DL","description":"Expertise comptable","publisher":{"@id":"https:\/\/acedl.com\/#organization"},"potentialAction":[{"@type":"SearchAction","target":{"@type":"EntryPoint","urlTemplate":"https:\/\/acedl.com\/?s={search_term_string}"},"query-input":{"@type":"PropertyValueSpecification","valueRequired":true,"valueName":"search_term_string"}}],"inLanguage":"fr-FR"},{"@type":"Organization","@id":"https:\/\/acedl.com\/#organization","name":"ACEDL","url":"https:\/\/acedl.com\/","logo":{"@type":"ImageObject","inLanguage":"fr-FR","@id":"https:\/\/acedl.com\/#\/schema\/logo\/image\/","url":"https:\/\/acedl.com\/wp-content\/uploads\/2021\/05\/cropped-Capture.png","contentUrl":"https:\/\/acedl.com\/wp-content\/uploads\/2021\/05\/cropped-Capture.png","width":388,"height":125,"caption":"ACEDL"},"image":{"@id":"https:\/\/acedl.com\/#\/schema\/logo\/image\/"}}]}},"_links":{"self":[{"href":"https:\/\/acedl.com\/index.php\/wp-json\/wp\/v2\/pages\/41","targetHints":{"allow":["GET"]}}],"collection":[{"href":"https:\/\/acedl.com\/index.php\/wp-json\/wp\/v2\/pages"}],"about":[{"href":"https:\/\/acedl.com\/index.php\/wp-json\/wp\/v2\/types\/page"}],"author":[{"embeddable":true,"href":"https:\/\/acedl.com\/index.php\/wp-json\/wp\/v2\/users\/1"}],"replies":[{"embeddable":true,"href":"https:\/\/acedl.com\/index.php\/wp-json\/wp\/v2\/comments?post=41"}],"version-history":[{"count":6,"href":"https:\/\/acedl.com\/index.php\/wp-json\/wp\/v2\/pages\/41\/revisions"}],"predecessor-version":[{"id":1856,"href":"https:\/\/acedl.com\/index.php\/wp-json\/wp\/v2\/pages\/41\/revisions\/1856"}],"wp:attachment":[{"href":"https:\/\/acedl.com\/index.php\/wp-json\/wp\/v2\/media?parent=41"}],"curies":[{"name":"wp","href":"https:\/\/api.w.org\/{rel}","templated":true}]}}