{"id":42,"date":"2021-05-10T10:14:47","date_gmt":"2021-05-10T08:14:47","guid":{"rendered":"http:\/\/qiexyqf.cluster030.hosting.ovh.net\/?page_id=42"},"modified":"2026-04-06T11:37:10","modified_gmt":"2026-04-06T09:37:10","slug":"comptabilite","status":"publish","type":"page","link":"https:\/\/acedl.com\/index.php\/comptabilite\/","title":{"rendered":"Comptabilit\u00e9"},"content":{"rendered":"<p>La comptabilit\u00e9 est le <strong>socle fondamental<\/strong> de toute entreprise. Notre \u00e9quipe int\u00e8gre les<br \/>\n<strong>nouvelles technologies<\/strong> pour vous garantir un suivi fluide et efficace, vous permettant<br \/>\nde vous consacrer pleinement \u00e0 votre c\u0153ur de m\u00e9tier.<\/p>\n<p><strong>Nous vous proposons :<\/strong><\/p>\n<ul>\n<li>Tenue de comptabilit\u00e9 et d\u00e9clarations fiscales<\/li>\n<li>Gestion des comptes annuels et des bilans<\/li>\n<li><strong>Assistance et accompagnement<\/strong> en cas de contr\u00f4le fiscal<\/li>\n<li><strong>Mise en place d\u2019outils digitaux<\/strong> pour une comptabilit\u00e9 moderne et automatis\u00e9e<\/li>\n<li><strong>Reporting financier d\u00e9taill\u00e9<\/strong> avec analyse des indicateurs cl\u00e9s<\/li>\n<\/ul>\n","protected":false},"excerpt":{"rendered":"<p>La comptabilit\u00e9 est le socle fondamental de toute entreprise. Notre \u00e9quipe int\u00e8gre les nouvelles technologies pour vous garantir un suivi fluide et efficace, vous permettant de vous consacrer pleinement \u00e0 &#8230;<\/p>\n","protected":false},"author":1,"featured_media":141,"parent":0,"menu_order":0,"comment_status":"closed","ping_status":"closed","template":"","meta":{"footnotes":""},"class_list":["post-42","page","type-page","status-publish","has-post-thumbnail","hentry"],"yoast_head":"<!-- This site is optimized with the Yoast SEO plugin v27.4 - https:\/\/yoast.com\/product\/yoast-seo-wordpress\/ -->\n<title>Comptabilit\u00e9 - ACE DL<\/title>\n<meta name=\"robots\" content=\"index, follow, max-snippet:-1, max-image-preview:large, max-video-preview:-1\" \/>\n<link rel=\"canonical\" href=\"https:\/\/acedl.com\/index.php\/comptabilite\/\" \/>\n<meta property=\"og:locale\" content=\"fr_FR\" \/>\n<meta property=\"og:type\" content=\"article\" \/>\n<meta property=\"og:title\" content=\"Comptabilit\u00e9 - ACE DL\" \/>\n<meta property=\"og:description\" content=\"La comptabilit\u00e9 est le socle fondamental de toute entreprise. Notre \u00e9quipe int\u00e8gre les nouvelles technologies pour vous garantir un suivi fluide et efficace, vous permettant de vous consacrer pleinement \u00e0 ...\" \/>\n<meta property=\"og:url\" content=\"https:\/\/acedl.com\/index.php\/comptabilite\/\" \/>\n<meta property=\"og:site_name\" content=\"ACE DL\" \/>\n<meta property=\"article:modified_time\" content=\"2026-04-06T09:37:10+00:00\" \/>\n<meta property=\"og:image\" content=\"https:\/\/acedl.com\/wp-content\/uploads\/2021\/05\/image-banniere02.jpg\" \/>\n\t<meta property=\"og:image:width\" content=\"1918\" \/>\n\t<meta property=\"og:image:height\" content=\"701\" \/>\n\t<meta property=\"og:image:type\" content=\"image\/jpeg\" \/>\n<meta name=\"twitter:card\" content=\"summary_large_image\" \/>\n<meta name=\"twitter:label1\" content=\"Dur\u00e9e de lecture estim\u00e9e\" \/>\n\t<meta name=\"twitter:data1\" content=\"1 minute\" \/>\n<script type=\"application\/ld+json\" class=\"yoast-schema-graph\">{\"@context\":\"https:\\\/\\\/schema.org\",\"@graph\":[{\"@type\":\"WebPage\",\"@id\":\"https:\\\/\\\/acedl.com\\\/index.php\\\/comptabilite\\\/\",\"url\":\"https:\\\/\\\/acedl.com\\\/index.php\\\/comptabilite\\\/\",\"name\":\"Comptabilit\u00e9 - ACE DL\",\"isPartOf\":{\"@id\":\"https:\\\/\\\/acedl.com\\\/#website\"},\"primaryImageOfPage\":{\"@id\":\"https:\\\/\\\/acedl.com\\\/index.php\\\/comptabilite\\\/#primaryimage\"},\"image\":{\"@id\":\"https:\\\/\\\/acedl.com\\\/index.php\\\/comptabilite\\\/#primaryimage\"},\"thumbnailUrl\":\"https:\\\/\\\/acedl.com\\\/wp-content\\\/uploads\\\/2021\\\/05\\\/image-banniere02.jpg\",\"datePublished\":\"2021-05-10T08:14:47+00:00\",\"dateModified\":\"2026-04-06T09:37:10+00:00\",\"breadcrumb\":{\"@id\":\"https:\\\/\\\/acedl.com\\\/index.php\\\/comptabilite\\\/#breadcrumb\"},\"inLanguage\":\"fr-FR\",\"potentialAction\":[{\"@type\":\"ReadAction\",\"target\":[\"https:\\\/\\\/acedl.com\\\/index.php\\\/comptabilite\\\/\"]}]},{\"@type\":\"ImageObject\",\"inLanguage\":\"fr-FR\",\"@id\":\"https:\\\/\\\/acedl.com\\\/index.php\\\/comptabilite\\\/#primaryimage\",\"url\":\"https:\\\/\\\/acedl.com\\\/wp-content\\\/uploads\\\/2021\\\/05\\\/image-banniere02.jpg\",\"contentUrl\":\"https:\\\/\\\/acedl.com\\\/wp-content\\\/uploads\\\/2021\\\/05\\\/image-banniere02.jpg\",\"width\":1918,\"height\":701},{\"@type\":\"BreadcrumbList\",\"@id\":\"https:\\\/\\\/acedl.com\\\/index.php\\\/comptabilite\\\/#breadcrumb\",\"itemListElement\":[{\"@type\":\"ListItem\",\"position\":1,\"name\":\"Accueil\",\"item\":\"https:\\\/\\\/acedl.com\\\/\"},{\"@type\":\"ListItem\",\"position\":2,\"name\":\"Comptabilit\u00e9\"}]},{\"@type\":\"WebSite\",\"@id\":\"https:\\\/\\\/acedl.com\\\/#website\",\"url\":\"https:\\\/\\\/acedl.com\\\/\",\"name\":\"ACE DL\",\"description\":\"Expertise comptable\",\"publisher\":{\"@id\":\"https:\\\/\\\/acedl.com\\\/#organization\"},\"potentialAction\":[{\"@type\":\"SearchAction\",\"target\":{\"@type\":\"EntryPoint\",\"urlTemplate\":\"https:\\\/\\\/acedl.com\\\/?s={search_term_string}\"},\"query-input\":{\"@type\":\"PropertyValueSpecification\",\"valueRequired\":true,\"valueName\":\"search_term_string\"}}],\"inLanguage\":\"fr-FR\"},{\"@type\":\"Organization\",\"@id\":\"https:\\\/\\\/acedl.com\\\/#organization\",\"name\":\"ACEDL\",\"url\":\"https:\\\/\\\/acedl.com\\\/\",\"logo\":{\"@type\":\"ImageObject\",\"inLanguage\":\"fr-FR\",\"@id\":\"https:\\\/\\\/acedl.com\\\/#\\\/schema\\\/logo\\\/image\\\/\",\"url\":\"https:\\\/\\\/acedl.com\\\/wp-content\\\/uploads\\\/2021\\\/05\\\/cropped-Capture.png\",\"contentUrl\":\"https:\\\/\\\/acedl.com\\\/wp-content\\\/uploads\\\/2021\\\/05\\\/cropped-Capture.png\",\"width\":388,\"height\":125,\"caption\":\"ACEDL\"},\"image\":{\"@id\":\"https:\\\/\\\/acedl.com\\\/#\\\/schema\\\/logo\\\/image\\\/\"}}]}<\/script>\n<!-- \/ Yoast SEO plugin. -->","yoast_head_json":{"title":"Comptabilit\u00e9 - ACE DL","robots":{"index":"index","follow":"follow","max-snippet":"max-snippet:-1","max-image-preview":"max-image-preview:large","max-video-preview":"max-video-preview:-1"},"canonical":"https:\/\/acedl.com\/index.php\/comptabilite\/","og_locale":"fr_FR","og_type":"article","og_title":"Comptabilit\u00e9 - ACE DL","og_description":"La comptabilit\u00e9 est le socle fondamental de toute entreprise. Notre \u00e9quipe int\u00e8gre les nouvelles technologies pour vous garantir un suivi fluide et efficace, vous permettant de vous consacrer pleinement \u00e0 ...","og_url":"https:\/\/acedl.com\/index.php\/comptabilite\/","og_site_name":"ACE DL","article_modified_time":"2026-04-06T09:37:10+00:00","og_image":[{"width":1918,"height":701,"url":"https:\/\/acedl.com\/wp-content\/uploads\/2021\/05\/image-banniere02.jpg","type":"image\/jpeg"}],"twitter_card":"summary_large_image","twitter_misc":{"Dur\u00e9e de lecture estim\u00e9e":"1 minute"},"schema":{"@context":"https:\/\/schema.org","@graph":[{"@type":"WebPage","@id":"https:\/\/acedl.com\/index.php\/comptabilite\/","url":"https:\/\/acedl.com\/index.php\/comptabilite\/","name":"Comptabilit\u00e9 - ACE DL","isPartOf":{"@id":"https:\/\/acedl.com\/#website"},"primaryImageOfPage":{"@id":"https:\/\/acedl.com\/index.php\/comptabilite\/#primaryimage"},"image":{"@id":"https:\/\/acedl.com\/index.php\/comptabilite\/#primaryimage"},"thumbnailUrl":"https:\/\/acedl.com\/wp-content\/uploads\/2021\/05\/image-banniere02.jpg","datePublished":"2021-05-10T08:14:47+00:00","dateModified":"2026-04-06T09:37:10+00:00","breadcrumb":{"@id":"https:\/\/acedl.com\/index.php\/comptabilite\/#breadcrumb"},"inLanguage":"fr-FR","potentialAction":[{"@type":"ReadAction","target":["https:\/\/acedl.com\/index.php\/comptabilite\/"]}]},{"@type":"ImageObject","inLanguage":"fr-FR","@id":"https:\/\/acedl.com\/index.php\/comptabilite\/#primaryimage","url":"https:\/\/acedl.com\/wp-content\/uploads\/2021\/05\/image-banniere02.jpg","contentUrl":"https:\/\/acedl.com\/wp-content\/uploads\/2021\/05\/image-banniere02.jpg","width":1918,"height":701},{"@type":"BreadcrumbList","@id":"https:\/\/acedl.com\/index.php\/comptabilite\/#breadcrumb","itemListElement":[{"@type":"ListItem","position":1,"name":"Accueil","item":"https:\/\/acedl.com\/"},{"@type":"ListItem","position":2,"name":"Comptabilit\u00e9"}]},{"@type":"WebSite","@id":"https:\/\/acedl.com\/#website","url":"https:\/\/acedl.com\/","name":"ACE DL","description":"Expertise comptable","publisher":{"@id":"https:\/\/acedl.com\/#organization"},"potentialAction":[{"@type":"SearchAction","target":{"@type":"EntryPoint","urlTemplate":"https:\/\/acedl.com\/?s={search_term_string}"},"query-input":{"@type":"PropertyValueSpecification","valueRequired":true,"valueName":"search_term_string"}}],"inLanguage":"fr-FR"},{"@type":"Organization","@id":"https:\/\/acedl.com\/#organization","name":"ACEDL","url":"https:\/\/acedl.com\/","logo":{"@type":"ImageObject","inLanguage":"fr-FR","@id":"https:\/\/acedl.com\/#\/schema\/logo\/image\/","url":"https:\/\/acedl.com\/wp-content\/uploads\/2021\/05\/cropped-Capture.png","contentUrl":"https:\/\/acedl.com\/wp-content\/uploads\/2021\/05\/cropped-Capture.png","width":388,"height":125,"caption":"ACEDL"},"image":{"@id":"https:\/\/acedl.com\/#\/schema\/logo\/image\/"}}]}},"_links":{"self":[{"href":"https:\/\/acedl.com\/index.php\/wp-json\/wp\/v2\/pages\/42","targetHints":{"allow":["GET"]}}],"collection":[{"href":"https:\/\/acedl.com\/index.php\/wp-json\/wp\/v2\/pages"}],"about":[{"href":"https:\/\/acedl.com\/index.php\/wp-json\/wp\/v2\/types\/page"}],"author":[{"embeddable":true,"href":"https:\/\/acedl.com\/index.php\/wp-json\/wp\/v2\/users\/1"}],"replies":[{"embeddable":true,"href":"https:\/\/acedl.com\/index.php\/wp-json\/wp\/v2\/comments?post=42"}],"version-history":[{"count":6,"href":"https:\/\/acedl.com\/index.php\/wp-json\/wp\/v2\/pages\/42\/revisions"}],"predecessor-version":[{"id":1857,"href":"https:\/\/acedl.com\/index.php\/wp-json\/wp\/v2\/pages\/42\/revisions\/1857"}],"wp:featuredmedia":[{"embeddable":true,"href":"https:\/\/acedl.com\/index.php\/wp-json\/wp\/v2\/media\/141"}],"wp:attachment":[{"href":"https:\/\/acedl.com\/index.php\/wp-json\/wp\/v2\/media?parent=42"}],"curies":[{"name":"wp","href":"https:\/\/api.w.org\/{rel}","templated":true}]}}