{"id":76,"date":"2021-05-10T10:17:53","date_gmt":"2021-05-10T08:17:53","guid":{"rendered":"http:\/\/qiexyqf.cluster030.hosting.ovh.net\/?page_id=76"},"modified":"2021-08-26T14:48:15","modified_gmt":"2021-08-26T12:48:15","slug":"notre-mission-cse","status":"publish","type":"page","link":"https:\/\/acedl.com\/index.php\/notre-mission-cse\/","title":{"rendered":"Notre mission CSE"},"content":{"rendered":"<h1>Accompagnement missions CSE<\/h1>\n<h2>Membre du CSE, ACEDL est votre partenaire dans la r\u00e9ussite de vos missions \u2026<\/h2>\n<div class=\"texte_cms\">\n<p>Notre \u00e9quipe exp\u00e9riment\u00e9e et p\u00e9dagogue, ainsi que notre savoir-faire orient\u00e9 vers vos besoins, ont pour objectif de vous accompagner dans les missions sociales et \u00e9conomiques, que rev\u00eat votre mandat.<\/p>\n<p>Au-del\u00e0 des apports techniques n\u00e9cessaires, notre mission est de vous permettre d\u2019identifier tous les enjeux de votre mandat, clarifier vos objectifs et vous aider \u00e0 parfaire votre strat\u00e9gie face aux objectifs que vous vous serez fix\u00e9s.<\/p>\n<p>Notre m\u00e9tier est d\u2019amener le dialogue social sur le fond et de vous permettre d\u2019exercer votre mandat avec efficacit\u00e9 et autonomie \u2026 mais aussi d\u2019accro\u00eetre votre cr\u00e9dibilit\u00e9 aupr\u00e8s de la direction et votre l\u00e9gitimit\u00e9 aupr\u00e8s des salari\u00e9s.<\/p>\n<\/div>\n","protected":false},"excerpt":{"rendered":"<p>Accompagnement missions CSE Membre du CSE, ACEDL est votre partenaire dans la r\u00e9ussite de vos missions \u2026 Notre \u00e9quipe exp\u00e9riment\u00e9e et p\u00e9dagogue, ainsi que notre savoir-faire orient\u00e9 vers vos besoins, &#8230;<\/p>\n","protected":false},"author":1,"featured_media":0,"parent":0,"menu_order":0,"comment_status":"closed","ping_status":"closed","template":"","meta":{"footnotes":""},"class_list":["post-76","page","type-page","status-publish","hentry"],"yoast_head":"<!-- This site is optimized with the Yoast SEO plugin v27.4 - https:\/\/yoast.com\/product\/yoast-seo-wordpress\/ -->\n<title>Notre mission CSE - ACE DL<\/title>\n<meta name=\"robots\" content=\"index, follow, max-snippet:-1, max-image-preview:large, max-video-preview:-1\" \/>\n<link rel=\"canonical\" href=\"https:\/\/acedl.com\/index.php\/notre-mission-cse\/\" \/>\n<meta property=\"og:locale\" content=\"fr_FR\" \/>\n<meta property=\"og:type\" content=\"article\" \/>\n<meta property=\"og:title\" content=\"Notre mission CSE - ACE DL\" \/>\n<meta property=\"og:description\" content=\"Accompagnement missions CSE Membre du CSE, ACEDL est votre partenaire dans la r\u00e9ussite de vos missions \u2026 Notre \u00e9quipe exp\u00e9riment\u00e9e et p\u00e9dagogue, ainsi que notre savoir-faire orient\u00e9 vers vos besoins, ...\" \/>\n<meta property=\"og:url\" content=\"https:\/\/acedl.com\/index.php\/notre-mission-cse\/\" \/>\n<meta property=\"og:site_name\" content=\"ACE DL\" \/>\n<meta property=\"article:modified_time\" content=\"2021-08-26T12:48:15+00:00\" \/>\n<meta name=\"twitter:card\" content=\"summary_large_image\" \/>\n<meta name=\"twitter:label1\" content=\"Dur\u00e9e de lecture estim\u00e9e\" \/>\n\t<meta name=\"twitter:data1\" content=\"3 minutes\" \/>\n<script type=\"application\/ld+json\" class=\"yoast-schema-graph\">{\"@context\":\"https:\\\/\\\/schema.org\",\"@graph\":[{\"@type\":\"WebPage\",\"@id\":\"https:\\\/\\\/acedl.com\\\/index.php\\\/notre-mission-cse\\\/\",\"url\":\"https:\\\/\\\/acedl.com\\\/index.php\\\/notre-mission-cse\\\/\",\"name\":\"Notre mission CSE - ACE DL\",\"isPartOf\":{\"@id\":\"https:\\\/\\\/acedl.com\\\/#website\"},\"datePublished\":\"2021-05-10T08:17:53+00:00\",\"dateModified\":\"2021-08-26T12:48:15+00:00\",\"breadcrumb\":{\"@id\":\"https:\\\/\\\/acedl.com\\\/index.php\\\/notre-mission-cse\\\/#breadcrumb\"},\"inLanguage\":\"fr-FR\",\"potentialAction\":[{\"@type\":\"ReadAction\",\"target\":[\"https:\\\/\\\/acedl.com\\\/index.php\\\/notre-mission-cse\\\/\"]}]},{\"@type\":\"BreadcrumbList\",\"@id\":\"https:\\\/\\\/acedl.com\\\/index.php\\\/notre-mission-cse\\\/#breadcrumb\",\"itemListElement\":[{\"@type\":\"ListItem\",\"position\":1,\"name\":\"Accueil\",\"item\":\"https:\\\/\\\/acedl.com\\\/\"},{\"@type\":\"ListItem\",\"position\":2,\"name\":\"Notre mission CSE\"}]},{\"@type\":\"WebSite\",\"@id\":\"https:\\\/\\\/acedl.com\\\/#website\",\"url\":\"https:\\\/\\\/acedl.com\\\/\",\"name\":\"ACE DL\",\"description\":\"Expertise comptable\",\"publisher\":{\"@id\":\"https:\\\/\\\/acedl.com\\\/#organization\"},\"potentialAction\":[{\"@type\":\"SearchAction\",\"target\":{\"@type\":\"EntryPoint\",\"urlTemplate\":\"https:\\\/\\\/acedl.com\\\/?s={search_term_string}\"},\"query-input\":{\"@type\":\"PropertyValueSpecification\",\"valueRequired\":true,\"valueName\":\"search_term_string\"}}],\"inLanguage\":\"fr-FR\"},{\"@type\":\"Organization\",\"@id\":\"https:\\\/\\\/acedl.com\\\/#organization\",\"name\":\"ACEDL\",\"url\":\"https:\\\/\\\/acedl.com\\\/\",\"logo\":{\"@type\":\"ImageObject\",\"inLanguage\":\"fr-FR\",\"@id\":\"https:\\\/\\\/acedl.com\\\/#\\\/schema\\\/logo\\\/image\\\/\",\"url\":\"https:\\\/\\\/acedl.com\\\/wp-content\\\/uploads\\\/2021\\\/05\\\/cropped-Capture.png\",\"contentUrl\":\"https:\\\/\\\/acedl.com\\\/wp-content\\\/uploads\\\/2021\\\/05\\\/cropped-Capture.png\",\"width\":388,\"height\":125,\"caption\":\"ACEDL\"},\"image\":{\"@id\":\"https:\\\/\\\/acedl.com\\\/#\\\/schema\\\/logo\\\/image\\\/\"}}]}<\/script>\n<!-- \/ Yoast SEO plugin. -->","yoast_head_json":{"title":"Notre mission CSE - ACE DL","robots":{"index":"index","follow":"follow","max-snippet":"max-snippet:-1","max-image-preview":"max-image-preview:large","max-video-preview":"max-video-preview:-1"},"canonical":"https:\/\/acedl.com\/index.php\/notre-mission-cse\/","og_locale":"fr_FR","og_type":"article","og_title":"Notre mission CSE - ACE DL","og_description":"Accompagnement missions CSE Membre du CSE, ACEDL est votre partenaire dans la r\u00e9ussite de vos missions \u2026 Notre \u00e9quipe exp\u00e9riment\u00e9e et p\u00e9dagogue, ainsi que notre savoir-faire orient\u00e9 vers vos besoins, ...","og_url":"https:\/\/acedl.com\/index.php\/notre-mission-cse\/","og_site_name":"ACE DL","article_modified_time":"2021-08-26T12:48:15+00:00","twitter_card":"summary_large_image","twitter_misc":{"Dur\u00e9e de lecture estim\u00e9e":"3 minutes"},"schema":{"@context":"https:\/\/schema.org","@graph":[{"@type":"WebPage","@id":"https:\/\/acedl.com\/index.php\/notre-mission-cse\/","url":"https:\/\/acedl.com\/index.php\/notre-mission-cse\/","name":"Notre mission CSE - ACE DL","isPartOf":{"@id":"https:\/\/acedl.com\/#website"},"datePublished":"2021-05-10T08:17:53+00:00","dateModified":"2021-08-26T12:48:15+00:00","breadcrumb":{"@id":"https:\/\/acedl.com\/index.php\/notre-mission-cse\/#breadcrumb"},"inLanguage":"fr-FR","potentialAction":[{"@type":"ReadAction","target":["https:\/\/acedl.com\/index.php\/notre-mission-cse\/"]}]},{"@type":"BreadcrumbList","@id":"https:\/\/acedl.com\/index.php\/notre-mission-cse\/#breadcrumb","itemListElement":[{"@type":"ListItem","position":1,"name":"Accueil","item":"https:\/\/acedl.com\/"},{"@type":"ListItem","position":2,"name":"Notre mission CSE"}]},{"@type":"WebSite","@id":"https:\/\/acedl.com\/#website","url":"https:\/\/acedl.com\/","name":"ACE DL","description":"Expertise comptable","publisher":{"@id":"https:\/\/acedl.com\/#organization"},"potentialAction":[{"@type":"SearchAction","target":{"@type":"EntryPoint","urlTemplate":"https:\/\/acedl.com\/?s={search_term_string}"},"query-input":{"@type":"PropertyValueSpecification","valueRequired":true,"valueName":"search_term_string"}}],"inLanguage":"fr-FR"},{"@type":"Organization","@id":"https:\/\/acedl.com\/#organization","name":"ACEDL","url":"https:\/\/acedl.com\/","logo":{"@type":"ImageObject","inLanguage":"fr-FR","@id":"https:\/\/acedl.com\/#\/schema\/logo\/image\/","url":"https:\/\/acedl.com\/wp-content\/uploads\/2021\/05\/cropped-Capture.png","contentUrl":"https:\/\/acedl.com\/wp-content\/uploads\/2021\/05\/cropped-Capture.png","width":388,"height":125,"caption":"ACEDL"},"image":{"@id":"https:\/\/acedl.com\/#\/schema\/logo\/image\/"}}]}},"_links":{"self":[{"href":"https:\/\/acedl.com\/index.php\/wp-json\/wp\/v2\/pages\/76","targetHints":{"allow":["GET"]}}],"collection":[{"href":"https:\/\/acedl.com\/index.php\/wp-json\/wp\/v2\/pages"}],"about":[{"href":"https:\/\/acedl.com\/index.php\/wp-json\/wp\/v2\/types\/page"}],"author":[{"embeddable":true,"href":"https:\/\/acedl.com\/index.php\/wp-json\/wp\/v2\/users\/1"}],"replies":[{"embeddable":true,"href":"https:\/\/acedl.com\/index.php\/wp-json\/wp\/v2\/comments?post=76"}],"version-history":[{"count":4,"href":"https:\/\/acedl.com\/index.php\/wp-json\/wp\/v2\/pages\/76\/revisions"}],"predecessor-version":[{"id":1615,"href":"https:\/\/acedl.com\/index.php\/wp-json\/wp\/v2\/pages\/76\/revisions\/1615"}],"wp:attachment":[{"href":"https:\/\/acedl.com\/index.php\/wp-json\/wp\/v2\/media?parent=76"}],"curies":[{"name":"wp","href":"https:\/\/api.w.org\/{rel}","templated":true}]}}