{"id":77,"date":"2021-05-10T10:17:53","date_gmt":"2021-05-10T08:17:53","guid":{"rendered":"http:\/\/qiexyqf.cluster030.hosting.ovh.net\/?page_id=77"},"modified":"2022-12-21T10:27:50","modified_gmt":"2022-12-21T09:27:50","slug":"consultations-recurrentes","status":"publish","type":"page","link":"https:\/\/acedl.com\/index.php\/consultations-recurrentes\/","title":{"rendered":"Consultations r\u00e9currentes"},"content":{"rendered":"<h1>CSE : CONSULTATIONS OBLIGATOIRES R\u00e9currentes<\/h1>\n<div class=\"texte_cms\"><\/div>\n<p>Selon l\u2019article \u00ab L.2312-17 du Code du Travail \u00bb, le Comit\u00e9 Social et Economique, des entreprises d\u2019au moins 50 salari\u00e9s, est consult\u00e9 sur :<\/p>\n<ol>\n<li>Les orientations strat\u00e9giques de l&rsquo;entreprise ;<\/li>\n<li>La situation \u00e9conomique et financi\u00e8re de l&rsquo;entreprise ;<\/li>\n<li>La politique sociale de l&rsquo;entreprise, les conditions de travail et l&#8217;emploi.<\/li>\n<\/ol>\n<p>Ces 3 consultations repr\u00e9sentent un outil permettant d\u2019identifier les enjeux strat\u00e9giques de l\u2019entreprise et construire un dialogue social en corr\u00e9lation avec les anticipations n\u00e9cessaires, mais aussi :<\/p>\n<ul>\n<li>D\u00e9tecter et actionner de nouveaux leviers de n\u00e9gociation ;<\/li>\n<li>Proposer des alternatives sociales.<\/li>\n<\/ul>\n<p>Ces consultations n\u00e9cessitent l\u2019expression d\u2019un avis \u00e9clair\u00e9 de la part du Comit\u00e9 Social et Economique.<br \/>\nDans ce cadre et selon l\u2019article \u00ab L.2325-35 du code du travail \u00bb, les repr\u00e9sentants du personnel peuvent se faire assister d\u2019un expert-comptable.<br \/>\nLa mission de l\u2019expert-comptable porte sur tous les \u00e9l\u00e9ments d\u2019ordre \u00e9conomique, financier ou social n\u00e9cessaires \u00e0 la compr\u00e9hension des comptes et \u00e0 l\u2019appr\u00e9ciation de la situation de l\u2019entreprise.<\/p>\n<p>ACEDL vous accompagne \u00e0 plusieurs niveaux :<\/p>\n<ul>\n<li>Compr\u00e9hension du mod\u00e8le \u00e9conomique, social et organisationnel<\/li>\n<li>Identification des enjeux de l\u2019entreprise (Diagnostic)<\/li>\n<li>Analyse des orientations strat\u00e9giques de l\u2019entreprise<\/li>\n<li>Cons\u00e9quences sociales et \u00e9conomiques des orientations<\/li>\n<li>Strat\u00e9gie de dialogue social et de n\u00e9gociation<\/li>\n<li>Elaboration de propositions alternatives<\/li>\n<li>Animation des r\u00e9unions de consultation (Pr\u00e9sentation du diagnostic et animation des d\u00e9bats sur la base des enjeux et de vos objectifs de n\u00e9gociation)<\/li>\n<li>R\u00e9daction de l\u2019avis \u00e0 consultation<\/li>\n<\/ul>\n","protected":false},"excerpt":{"rendered":"<p>CSE : CONSULTATIONS OBLIGATOIRES R\u00e9currentes Selon l\u2019article \u00ab L.2312-17 du Code du Travail \u00bb, le Comit\u00e9 Social et Economique, des entreprises d\u2019au moins 50 salari\u00e9s, est consult\u00e9 sur : Les &#8230;<\/p>\n","protected":false},"author":1,"featured_media":0,"parent":0,"menu_order":0,"comment_status":"closed","ping_status":"closed","template":"","meta":{"footnotes":""},"class_list":["post-77","page","type-page","status-publish","hentry"],"yoast_head":"<!-- This site is optimized with the Yoast SEO plugin v27.4 - https:\/\/yoast.com\/product\/yoast-seo-wordpress\/ -->\n<title>Consultations r\u00e9currentes - ACE DL<\/title>\n<meta name=\"robots\" content=\"index, follow, max-snippet:-1, max-image-preview:large, max-video-preview:-1\" \/>\n<link rel=\"canonical\" href=\"https:\/\/acedl.com\/index.php\/consultations-recurrentes\/\" \/>\n<meta property=\"og:locale\" content=\"fr_FR\" \/>\n<meta property=\"og:type\" content=\"article\" \/>\n<meta property=\"og:title\" content=\"Consultations r\u00e9currentes - ACE DL\" \/>\n<meta property=\"og:description\" content=\"CSE : CONSULTATIONS OBLIGATOIRES R\u00e9currentes Selon l\u2019article \u00ab L.2312-17 du Code du Travail \u00bb, le Comit\u00e9 Social et Economique, des entreprises d\u2019au moins 50 salari\u00e9s, est consult\u00e9 sur : Les ...\" \/>\n<meta property=\"og:url\" content=\"https:\/\/acedl.com\/index.php\/consultations-recurrentes\/\" \/>\n<meta property=\"og:site_name\" content=\"ACE DL\" \/>\n<meta property=\"article:modified_time\" content=\"2022-12-21T09:27:50+00:00\" \/>\n<meta name=\"twitter:card\" content=\"summary_large_image\" \/>\n<meta name=\"twitter:label1\" content=\"Dur\u00e9e de lecture estim\u00e9e\" \/>\n\t<meta name=\"twitter:data1\" content=\"2 minutes\" \/>\n<script type=\"application\/ld+json\" class=\"yoast-schema-graph\">{\"@context\":\"https:\\\/\\\/schema.org\",\"@graph\":[{\"@type\":\"WebPage\",\"@id\":\"https:\\\/\\\/acedl.com\\\/index.php\\\/consultations-recurrentes\\\/\",\"url\":\"https:\\\/\\\/acedl.com\\\/index.php\\\/consultations-recurrentes\\\/\",\"name\":\"Consultations r\u00e9currentes - ACE DL\",\"isPartOf\":{\"@id\":\"https:\\\/\\\/acedl.com\\\/#website\"},\"datePublished\":\"2021-05-10T08:17:53+00:00\",\"dateModified\":\"2022-12-21T09:27:50+00:00\",\"breadcrumb\":{\"@id\":\"https:\\\/\\\/acedl.com\\\/index.php\\\/consultations-recurrentes\\\/#breadcrumb\"},\"inLanguage\":\"fr-FR\",\"potentialAction\":[{\"@type\":\"ReadAction\",\"target\":[\"https:\\\/\\\/acedl.com\\\/index.php\\\/consultations-recurrentes\\\/\"]}]},{\"@type\":\"BreadcrumbList\",\"@id\":\"https:\\\/\\\/acedl.com\\\/index.php\\\/consultations-recurrentes\\\/#breadcrumb\",\"itemListElement\":[{\"@type\":\"ListItem\",\"position\":1,\"name\":\"Accueil\",\"item\":\"https:\\\/\\\/acedl.com\\\/\"},{\"@type\":\"ListItem\",\"position\":2,\"name\":\"Consultations r\u00e9currentes\"}]},{\"@type\":\"WebSite\",\"@id\":\"https:\\\/\\\/acedl.com\\\/#website\",\"url\":\"https:\\\/\\\/acedl.com\\\/\",\"name\":\"ACE DL\",\"description\":\"Expertise comptable\",\"publisher\":{\"@id\":\"https:\\\/\\\/acedl.com\\\/#organization\"},\"potentialAction\":[{\"@type\":\"SearchAction\",\"target\":{\"@type\":\"EntryPoint\",\"urlTemplate\":\"https:\\\/\\\/acedl.com\\\/?s={search_term_string}\"},\"query-input\":{\"@type\":\"PropertyValueSpecification\",\"valueRequired\":true,\"valueName\":\"search_term_string\"}}],\"inLanguage\":\"fr-FR\"},{\"@type\":\"Organization\",\"@id\":\"https:\\\/\\\/acedl.com\\\/#organization\",\"name\":\"ACEDL\",\"url\":\"https:\\\/\\\/acedl.com\\\/\",\"logo\":{\"@type\":\"ImageObject\",\"inLanguage\":\"fr-FR\",\"@id\":\"https:\\\/\\\/acedl.com\\\/#\\\/schema\\\/logo\\\/image\\\/\",\"url\":\"https:\\\/\\\/acedl.com\\\/wp-content\\\/uploads\\\/2021\\\/05\\\/cropped-Capture.png\",\"contentUrl\":\"https:\\\/\\\/acedl.com\\\/wp-content\\\/uploads\\\/2021\\\/05\\\/cropped-Capture.png\",\"width\":388,\"height\":125,\"caption\":\"ACEDL\"},\"image\":{\"@id\":\"https:\\\/\\\/acedl.com\\\/#\\\/schema\\\/logo\\\/image\\\/\"}}]}<\/script>\n<!-- \/ Yoast SEO plugin. -->","yoast_head_json":{"title":"Consultations r\u00e9currentes - ACE DL","robots":{"index":"index","follow":"follow","max-snippet":"max-snippet:-1","max-image-preview":"max-image-preview:large","max-video-preview":"max-video-preview:-1"},"canonical":"https:\/\/acedl.com\/index.php\/consultations-recurrentes\/","og_locale":"fr_FR","og_type":"article","og_title":"Consultations r\u00e9currentes - ACE DL","og_description":"CSE : CONSULTATIONS OBLIGATOIRES R\u00e9currentes Selon l\u2019article \u00ab L.2312-17 du Code du Travail \u00bb, le Comit\u00e9 Social et Economique, des entreprises d\u2019au moins 50 salari\u00e9s, est consult\u00e9 sur : Les ...","og_url":"https:\/\/acedl.com\/index.php\/consultations-recurrentes\/","og_site_name":"ACE DL","article_modified_time":"2022-12-21T09:27:50+00:00","twitter_card":"summary_large_image","twitter_misc":{"Dur\u00e9e de lecture estim\u00e9e":"2 minutes"},"schema":{"@context":"https:\/\/schema.org","@graph":[{"@type":"WebPage","@id":"https:\/\/acedl.com\/index.php\/consultations-recurrentes\/","url":"https:\/\/acedl.com\/index.php\/consultations-recurrentes\/","name":"Consultations r\u00e9currentes - ACE DL","isPartOf":{"@id":"https:\/\/acedl.com\/#website"},"datePublished":"2021-05-10T08:17:53+00:00","dateModified":"2022-12-21T09:27:50+00:00","breadcrumb":{"@id":"https:\/\/acedl.com\/index.php\/consultations-recurrentes\/#breadcrumb"},"inLanguage":"fr-FR","potentialAction":[{"@type":"ReadAction","target":["https:\/\/acedl.com\/index.php\/consultations-recurrentes\/"]}]},{"@type":"BreadcrumbList","@id":"https:\/\/acedl.com\/index.php\/consultations-recurrentes\/#breadcrumb","itemListElement":[{"@type":"ListItem","position":1,"name":"Accueil","item":"https:\/\/acedl.com\/"},{"@type":"ListItem","position":2,"name":"Consultations r\u00e9currentes"}]},{"@type":"WebSite","@id":"https:\/\/acedl.com\/#website","url":"https:\/\/acedl.com\/","name":"ACE DL","description":"Expertise comptable","publisher":{"@id":"https:\/\/acedl.com\/#organization"},"potentialAction":[{"@type":"SearchAction","target":{"@type":"EntryPoint","urlTemplate":"https:\/\/acedl.com\/?s={search_term_string}"},"query-input":{"@type":"PropertyValueSpecification","valueRequired":true,"valueName":"search_term_string"}}],"inLanguage":"fr-FR"},{"@type":"Organization","@id":"https:\/\/acedl.com\/#organization","name":"ACEDL","url":"https:\/\/acedl.com\/","logo":{"@type":"ImageObject","inLanguage":"fr-FR","@id":"https:\/\/acedl.com\/#\/schema\/logo\/image\/","url":"https:\/\/acedl.com\/wp-content\/uploads\/2021\/05\/cropped-Capture.png","contentUrl":"https:\/\/acedl.com\/wp-content\/uploads\/2021\/05\/cropped-Capture.png","width":388,"height":125,"caption":"ACEDL"},"image":{"@id":"https:\/\/acedl.com\/#\/schema\/logo\/image\/"}}]}},"_links":{"self":[{"href":"https:\/\/acedl.com\/index.php\/wp-json\/wp\/v2\/pages\/77","targetHints":{"allow":["GET"]}}],"collection":[{"href":"https:\/\/acedl.com\/index.php\/wp-json\/wp\/v2\/pages"}],"about":[{"href":"https:\/\/acedl.com\/index.php\/wp-json\/wp\/v2\/types\/page"}],"author":[{"embeddable":true,"href":"https:\/\/acedl.com\/index.php\/wp-json\/wp\/v2\/users\/1"}],"replies":[{"embeddable":true,"href":"https:\/\/acedl.com\/index.php\/wp-json\/wp\/v2\/comments?post=77"}],"version-history":[{"count":2,"href":"https:\/\/acedl.com\/index.php\/wp-json\/wp\/v2\/pages\/77\/revisions"}],"predecessor-version":[{"id":1508,"href":"https:\/\/acedl.com\/index.php\/wp-json\/wp\/v2\/pages\/77\/revisions\/1508"}],"wp:attachment":[{"href":"https:\/\/acedl.com\/index.php\/wp-json\/wp\/v2\/media?parent=77"}],"curies":[{"name":"wp","href":"https:\/\/api.w.org\/{rel}","templated":true}]}}