{"id":81,"date":"2021-05-10T10:17:53","date_gmt":"2021-05-10T08:17:53","guid":{"rendered":"http:\/\/qiexyqf.cluster030.hosting.ovh.net\/?page_id=81"},"modified":"2026-04-06T11:47:14","modified_gmt":"2026-04-06T09:47:14","slug":"la-comptabilite-du-cse","status":"publish","type":"page","link":"https:\/\/acedl.com\/index.php\/la-comptabilite-du-cse\/","title":{"rendered":"La comptabilit\u00e9 du CSE"},"content":{"rendered":"<h2>TENUE DE LA COMPTABILIT\u00c9 DU CSE<\/h2>\n<p>Nous assurons la gestion comptable compl\u00e8te des CSE, quelle que soit leur taille.<\/p>\n<p><strong>Nos actions :<\/strong><\/p>\n<ul>\n<li>Saisie comptable et suivi des op\u00e9rations financi\u00e8res<\/li>\n<li>Gestion des comptes d\u00e9di\u00e9s aux activit\u00e9s sociales et culturelles<\/li>\n<li>\u00c9laboration des rapports comptables conformes aux obligations l\u00e9gales<\/li>\n<li>Veille sur les \u00e9volutions r\u00e9glementaires sp\u00e9cifiques aux CSE<\/li>\n<\/ul>\n<h2>PR\u00c9SENTATION DES COMPTES ANNUELS<\/h2>\n<p>Chaque ann\u00e9e, le CSE doit pr\u00e9senter un rapport d\u00e9taill\u00e9 de sa situation financi\u00e8re.<br \/>\nNous facilitons cette obligation en garantissant transparence et conformit\u00e9.<\/p>\n<p><strong>Nos prestations :<\/strong><\/p>\n<ul>\n<li>Pr\u00e9paration et mise en forme des comptes annuels<\/li>\n<li>Explication des postes comptables aux \u00e9lus<\/li>\n<li>Pr\u00e9sentation simplifi\u00e9e des documents financiers pour une meilleure compr\u00e9hension<\/li>\n<li>Accompagnement lors des r\u00e9unions pour l\u2019approbation des comptes<\/li>\n<\/ul>\n<h2>AUDIT DES COMPTES DU CSE<\/h2>\n<p>L\u2019audit permet de garantir une gestion saine et transparente des finances du CSE.<\/p>\n<p><strong>Notre approche :<\/strong><\/p>\n<ul>\n<li>V\u00e9rification des flux financiers et des documents justificatifs<\/li>\n<li>Contr\u00f4le du respect des obligations comptables et l\u00e9gales<\/li>\n<li>Analyse des budgets et des \u00e9carts \u00e9ventuels<\/li>\n<li>Recommandations pour optimiser la gestion financi\u00e8re du CSE<\/li>\n<\/ul>\n<h2>ASSISTANCE \u00c0 LA GESTION DES BUDGETS ET PRESTATIONS SOCIALES<\/h2>\n<p>Nous aidons les CSE \u00e0 structurer et optimiser leurs budgets pour mieux r\u00e9pondre aux<br \/>\nattentes des salari\u00e9s.<\/p>\n<p><strong>Nos services :<\/strong><\/p>\n<ul>\n<li>\u00c9laboration de budgets pr\u00e9visionnels<\/li>\n<li>Gestion des subventions et aides sociales<\/li>\n<li>Conseils pour optimiser les d\u00e9penses et allocations<\/li>\n<li>Mise en place d\u2019outils de suivi financier<\/li>\n<\/ul>\n<h2>FORMATION DES \u00c9LUS CSE SUR LES OBLIGATIONS L\u00c9GALES ET COMPTABLES<\/h2>\n<p>Les \u00e9lus du CSE ont besoin d&rsquo;une formation solide pour assurer leur r\u00f4le. Nous les<br \/>\naccompagnons avec des formations adapt\u00e9es \u00e0 leur niveau et \u00e0 leurs responsabilit\u00e9s.<\/p>\n<p><strong>Nos formations couvrent :<\/strong><\/p>\n<ul>\n<li>Les bases de la comptabilit\u00e9 CSE<\/li>\n<li>Les obligations l\u00e9gales et fiscales<\/li>\n<li>La gestion des prestations sociales<\/li>\n<li>L\u2019interpr\u00e9tation et la pr\u00e9sentation des comptes annuels<\/li>\n<\/ul>\n","protected":false},"excerpt":{"rendered":"<p>TENUE DE LA COMPTABILIT\u00c9 DU CSE Nous assurons la gestion comptable compl\u00e8te des CSE, quelle que soit leur taille. Nos actions : Saisie comptable et suivi des op\u00e9rations financi\u00e8res Gestion &#8230;<\/p>\n","protected":false},"author":1,"featured_media":0,"parent":0,"menu_order":0,"comment_status":"closed","ping_status":"closed","template":"","meta":{"footnotes":""},"class_list":["post-81","page","type-page","status-publish","hentry"],"yoast_head":"<!-- This site is optimized with the Yoast SEO plugin v27.4 - https:\/\/yoast.com\/product\/yoast-seo-wordpress\/ -->\n<title>La comptabilit\u00e9 du CSE - ACE DL<\/title>\n<meta name=\"robots\" content=\"index, follow, max-snippet:-1, max-image-preview:large, max-video-preview:-1\" \/>\n<link rel=\"canonical\" href=\"https:\/\/acedl.com\/index.php\/la-comptabilite-du-cse\/\" \/>\n<meta property=\"og:locale\" content=\"fr_FR\" \/>\n<meta property=\"og:type\" content=\"article\" \/>\n<meta property=\"og:title\" content=\"La comptabilit\u00e9 du CSE - ACE DL\" \/>\n<meta property=\"og:description\" content=\"TENUE DE LA COMPTABILIT\u00c9 DU CSE Nous assurons la gestion comptable compl\u00e8te des CSE, quelle que soit leur taille. Nos actions : Saisie comptable et suivi des op\u00e9rations financi\u00e8res Gestion ...\" \/>\n<meta property=\"og:url\" content=\"https:\/\/acedl.com\/index.php\/la-comptabilite-du-cse\/\" \/>\n<meta property=\"og:site_name\" content=\"ACE DL\" \/>\n<meta property=\"article:modified_time\" content=\"2026-04-06T09:47:14+00:00\" \/>\n<meta name=\"twitter:card\" content=\"summary_large_image\" \/>\n<meta name=\"twitter:label1\" content=\"Dur\u00e9e de lecture estim\u00e9e\" \/>\n\t<meta name=\"twitter:data1\" content=\"2 minutes\" \/>\n<script type=\"application\/ld+json\" class=\"yoast-schema-graph\">{\"@context\":\"https:\\\/\\\/schema.org\",\"@graph\":[{\"@type\":\"WebPage\",\"@id\":\"https:\\\/\\\/acedl.com\\\/index.php\\\/la-comptabilite-du-cse\\\/\",\"url\":\"https:\\\/\\\/acedl.com\\\/index.php\\\/la-comptabilite-du-cse\\\/\",\"name\":\"La comptabilit\u00e9 du CSE - ACE DL\",\"isPartOf\":{\"@id\":\"https:\\\/\\\/acedl.com\\\/#website\"},\"datePublished\":\"2021-05-10T08:17:53+00:00\",\"dateModified\":\"2026-04-06T09:47:14+00:00\",\"breadcrumb\":{\"@id\":\"https:\\\/\\\/acedl.com\\\/index.php\\\/la-comptabilite-du-cse\\\/#breadcrumb\"},\"inLanguage\":\"fr-FR\",\"potentialAction\":[{\"@type\":\"ReadAction\",\"target\":[\"https:\\\/\\\/acedl.com\\\/index.php\\\/la-comptabilite-du-cse\\\/\"]}]},{\"@type\":\"BreadcrumbList\",\"@id\":\"https:\\\/\\\/acedl.com\\\/index.php\\\/la-comptabilite-du-cse\\\/#breadcrumb\",\"itemListElement\":[{\"@type\":\"ListItem\",\"position\":1,\"name\":\"Accueil\",\"item\":\"https:\\\/\\\/acedl.com\\\/\"},{\"@type\":\"ListItem\",\"position\":2,\"name\":\"La comptabilit\u00e9 du CSE\"}]},{\"@type\":\"WebSite\",\"@id\":\"https:\\\/\\\/acedl.com\\\/#website\",\"url\":\"https:\\\/\\\/acedl.com\\\/\",\"name\":\"ACE DL\",\"description\":\"Expertise comptable\",\"publisher\":{\"@id\":\"https:\\\/\\\/acedl.com\\\/#organization\"},\"potentialAction\":[{\"@type\":\"SearchAction\",\"target\":{\"@type\":\"EntryPoint\",\"urlTemplate\":\"https:\\\/\\\/acedl.com\\\/?s={search_term_string}\"},\"query-input\":{\"@type\":\"PropertyValueSpecification\",\"valueRequired\":true,\"valueName\":\"search_term_string\"}}],\"inLanguage\":\"fr-FR\"},{\"@type\":\"Organization\",\"@id\":\"https:\\\/\\\/acedl.com\\\/#organization\",\"name\":\"ACEDL\",\"url\":\"https:\\\/\\\/acedl.com\\\/\",\"logo\":{\"@type\":\"ImageObject\",\"inLanguage\":\"fr-FR\",\"@id\":\"https:\\\/\\\/acedl.com\\\/#\\\/schema\\\/logo\\\/image\\\/\",\"url\":\"https:\\\/\\\/acedl.com\\\/wp-content\\\/uploads\\\/2021\\\/05\\\/cropped-Capture.png\",\"contentUrl\":\"https:\\\/\\\/acedl.com\\\/wp-content\\\/uploads\\\/2021\\\/05\\\/cropped-Capture.png\",\"width\":388,\"height\":125,\"caption\":\"ACEDL\"},\"image\":{\"@id\":\"https:\\\/\\\/acedl.com\\\/#\\\/schema\\\/logo\\\/image\\\/\"}}]}<\/script>\n<!-- \/ Yoast SEO plugin. -->","yoast_head_json":{"title":"La comptabilit\u00e9 du CSE - ACE DL","robots":{"index":"index","follow":"follow","max-snippet":"max-snippet:-1","max-image-preview":"max-image-preview:large","max-video-preview":"max-video-preview:-1"},"canonical":"https:\/\/acedl.com\/index.php\/la-comptabilite-du-cse\/","og_locale":"fr_FR","og_type":"article","og_title":"La comptabilit\u00e9 du CSE - ACE DL","og_description":"TENUE DE LA COMPTABILIT\u00c9 DU CSE Nous assurons la gestion comptable compl\u00e8te des CSE, quelle que soit leur taille. Nos actions : Saisie comptable et suivi des op\u00e9rations financi\u00e8res Gestion ...","og_url":"https:\/\/acedl.com\/index.php\/la-comptabilite-du-cse\/","og_site_name":"ACE DL","article_modified_time":"2026-04-06T09:47:14+00:00","twitter_card":"summary_large_image","twitter_misc":{"Dur\u00e9e de lecture estim\u00e9e":"2 minutes"},"schema":{"@context":"https:\/\/schema.org","@graph":[{"@type":"WebPage","@id":"https:\/\/acedl.com\/index.php\/la-comptabilite-du-cse\/","url":"https:\/\/acedl.com\/index.php\/la-comptabilite-du-cse\/","name":"La comptabilit\u00e9 du CSE - ACE DL","isPartOf":{"@id":"https:\/\/acedl.com\/#website"},"datePublished":"2021-05-10T08:17:53+00:00","dateModified":"2026-04-06T09:47:14+00:00","breadcrumb":{"@id":"https:\/\/acedl.com\/index.php\/la-comptabilite-du-cse\/#breadcrumb"},"inLanguage":"fr-FR","potentialAction":[{"@type":"ReadAction","target":["https:\/\/acedl.com\/index.php\/la-comptabilite-du-cse\/"]}]},{"@type":"BreadcrumbList","@id":"https:\/\/acedl.com\/index.php\/la-comptabilite-du-cse\/#breadcrumb","itemListElement":[{"@type":"ListItem","position":1,"name":"Accueil","item":"https:\/\/acedl.com\/"},{"@type":"ListItem","position":2,"name":"La comptabilit\u00e9 du CSE"}]},{"@type":"WebSite","@id":"https:\/\/acedl.com\/#website","url":"https:\/\/acedl.com\/","name":"ACE DL","description":"Expertise comptable","publisher":{"@id":"https:\/\/acedl.com\/#organization"},"potentialAction":[{"@type":"SearchAction","target":{"@type":"EntryPoint","urlTemplate":"https:\/\/acedl.com\/?s={search_term_string}"},"query-input":{"@type":"PropertyValueSpecification","valueRequired":true,"valueName":"search_term_string"}}],"inLanguage":"fr-FR"},{"@type":"Organization","@id":"https:\/\/acedl.com\/#organization","name":"ACEDL","url":"https:\/\/acedl.com\/","logo":{"@type":"ImageObject","inLanguage":"fr-FR","@id":"https:\/\/acedl.com\/#\/schema\/logo\/image\/","url":"https:\/\/acedl.com\/wp-content\/uploads\/2021\/05\/cropped-Capture.png","contentUrl":"https:\/\/acedl.com\/wp-content\/uploads\/2021\/05\/cropped-Capture.png","width":388,"height":125,"caption":"ACEDL"},"image":{"@id":"https:\/\/acedl.com\/#\/schema\/logo\/image\/"}}]}},"_links":{"self":[{"href":"https:\/\/acedl.com\/index.php\/wp-json\/wp\/v2\/pages\/81","targetHints":{"allow":["GET"]}}],"collection":[{"href":"https:\/\/acedl.com\/index.php\/wp-json\/wp\/v2\/pages"}],"about":[{"href":"https:\/\/acedl.com\/index.php\/wp-json\/wp\/v2\/types\/page"}],"author":[{"embeddable":true,"href":"https:\/\/acedl.com\/index.php\/wp-json\/wp\/v2\/users\/1"}],"replies":[{"embeddable":true,"href":"https:\/\/acedl.com\/index.php\/wp-json\/wp\/v2\/comments?post=81"}],"version-history":[{"count":4,"href":"https:\/\/acedl.com\/index.php\/wp-json\/wp\/v2\/pages\/81\/revisions"}],"predecessor-version":[{"id":1863,"href":"https:\/\/acedl.com\/index.php\/wp-json\/wp\/v2\/pages\/81\/revisions\/1863"}],"wp:attachment":[{"href":"https:\/\/acedl.com\/index.php\/wp-json\/wp\/v2\/media?parent=81"}],"curies":[{"name":"wp","href":"https:\/\/api.w.org\/{rel}","templated":true}]}}